{"id":27486,"date":"2025-04-28T19:52:49","date_gmt":"2025-04-28T17:52:49","guid":{"rendered":"https:\/\/www.juescha.de\/shop\/unkategorisiert\/dokumententasche-aversa\/"},"modified":"2026-01-21T08:49:12","modified_gmt":"2026-01-21T07:49:12","slug":"dokumententasche-aversa","status":"publish","type":"product","link":"https:\/\/www.juescha.de\/de_de\/shop\/alassio\/dokumententasche-aversa\/","title":{"rendered":"Dokumententasche AVERSA"},"content":{"rendered":"<h1>Dokumententasche AVERSA <\/h1>\n<p>Versenkbare Tragegriffe, abnehmbarer Schultertrageriemen, Rei\u00dfverschlussvorfach mit drei Stiftschlaufen, sechs Visitenkartenf\u00e4chern und weiterem Einsteckfach, Rei\u00dfverschlussfach. Hauptfach mit Rei\u00dfverschluss inkl. zwei Dokumentenf\u00e4chern und Rei\u00dfverschlussfach in der Mitte.<br \/>\nDie Dokumententasche Aversa in Schwarz von Alassio ist eine elegante und funktionale Tasche f\u00fcr den gesch\u00e4ftlichen Gebrauch. Sie ist aus hochwertigem Kunstleder gefertigt und besticht durch ihr zeitloses Design.<br \/>\nDie Tasche verf\u00fcgt \u00fcber eine praktische Gr\u00f6\u00dfe von ca. 30,5 x 41,5 x 11 cm und bietet somit gen\u00fcgend Platz f\u00fcr A4-Dokumente, Tablets, Notebooks und andere wichtige Unterlagen. Sie ist mit  versenkbaren Tragegriffen und einem abnehmbaren Schultergurt ausgestattet, was einen bequemen Transport erm\u00f6glicht.<br \/>\nIm Inneren befinden sich mehrere F\u00e4cher und Taschen, sowie diverse Steckf\u00e4cher f\u00fcr Stifte, Visitenkarten und andere kleinere Utensilien. Dadurch k\u00f6nnen Dokumente und andere Gegenst\u00e4nde \u00fcbersichtlich und gut organisiert verstaut werden.<br \/>\nDie schwarze Aversa Dokumententasche von Alassio ist ein stilvoller Begleiter f\u00fcr Gesch\u00e4ftsleute, die viel unterwegs sind und ihre Dokumente sicher und komfortabel transportieren m\u00f6chten.<\/p>\n","protected":false},"excerpt":{"rendered":"<ul>\n<li>Strapazierf\u00e4higes Kunstleder in klassischem Schwarz<\/li>\n<li>Abnehmbarer Schulterriemen &#038; abschlie\u00dfbares Schloss<\/li>\n<li>F\u00fcnf A4-F\u00e4cher &#038; Rei\u00dfverschlussfach auf der R\u00fcckseite<\/li>\n<li>Hauptfach mit Laptop-\/Tabletfach, Stiftschlaufen &#038; Visitenkartenf\u00e4chern<\/li>\n<\/ul>\n","protected":false},"featured_media":7359,"template":"","meta":{"inline_featured_image":false},"product_brand":[],"product_cat":[1651],"product_tag":[],"class_list":{"0":"post-27486","1":"product","2":"type-product","3":"status-publish","4":"has-post-thumbnail","6":"product_cat-alassio","8":"first","9":"instock","10":"purchasable","11":"product-type-simple"},"_links":{"self":[{"href":"https:\/\/www.juescha.de\/de_de\/wp-json\/wp\/v2\/product\/27486","targetHints":{"allow":["GET"]}}],"collection":[{"href":"https:\/\/www.juescha.de\/de_de\/wp-json\/wp\/v2\/product"}],"about":[{"href":"https:\/\/www.juescha.de\/de_de\/wp-json\/wp\/v2\/types\/product"}],"version-history":[{"count":0,"href":"https:\/\/www.juescha.de\/de_de\/wp-json\/wp\/v2\/product\/27486\/revisions"}],"wp:featuredmedia":[{"embeddable":true,"href":"https:\/\/www.juescha.de\/de_de\/wp-json\/wp\/v2\/media\/7359"}],"wp:attachment":[{"href":"https:\/\/www.juescha.de\/de_de\/wp-json\/wp\/v2\/media?parent=27486"}],"wp:term":[{"taxonomy":"product_brand","embeddable":true,"href":"https:\/\/www.juescha.de\/de_de\/wp-json\/wp\/v2\/product_brand?post=27486"},{"taxonomy":"product_cat","embeddable":true,"href":"https:\/\/www.juescha.de\/de_de\/wp-json\/wp\/v2\/product_cat?post=27486"},{"taxonomy":"product_tag","embeddable":true,"href":"https:\/\/www.juescha.de\/de_de\/wp-json\/wp\/v2\/product_tag?post=27486"}],"curies":[{"name":"wp","href":"https:\/\/api.w.org\/{rel}","templated":true}]}}