{"id":27485,"date":"2025-04-28T19:52:49","date_gmt":"2025-04-28T17:52:49","guid":{"rendered":"https:\/\/www.juescha.de\/shop\/unkategorisiert\/aktentasche-forte\/"},"modified":"2026-01-21T08:48:31","modified_gmt":"2026-01-21T07:48:31","slug":"aktentasche-forte","status":"publish","type":"product","link":"https:\/\/www.juescha.de\/de_de\/shop\/alassio\/aktentasche-forte\/","title":{"rendered":"Aktentasche FORTE"},"content":{"rendered":"<h1>Aktentasche FORTE <\/h1>\n<p>Abnehmbarer Schultertrageriemen, abschlie\u00dfbares Schlo\u00df, Rei\u00dfverschlussfach auf der R\u00fcckseite. Innen: F\u00fcnf A4 F\u00e4chertaschen, Hauptfach mit: Drei Stiftschlaufen, Tablet- \/ Laptopfach und Visitenkartenf\u00e4chern.<br \/>\nDie Aktentasche &#8220;Forte&#8221; von Alassio in der Farbe Schwarz ist ein elegantes und professionelles Accessoire f\u00fcr den modernen Gesch\u00e4ftsmann oder die moderne Gesch\u00e4ftsfrau. Die Tasche ist aus hochwertigem Kunstleder gefertigt und zeichnet sich durch ihre strapazierf\u00e4hige und langlebige Qualit\u00e4t aus.<br \/>\nDie Aktentasche hat ein klassisches Design mit klaren Linien und ist perfekt f\u00fcr den gesch\u00e4ftlichen Alltag geeignet. Sie verf\u00fcgt \u00fcber einen Schultergurt, der es erm\u00f6glicht, die Tasche bequem \u00fcber der Schulter oder diagonal \u00fcber dem K\u00f6rper zu tragen. Alternativ k\u00f6nnen die bequemen Tragegriffe genutzt werden, um die Tasche in der Hand zu tragen.<br \/>\nDie Forte-Aktentasche bietet ausreichend Stauraum f\u00fcr Dokumente, Ordner, Tablets und andere Gesch\u00e4ftsutensilien. Das ger\u00e4umige Hauptfach ist mit einem Laptopfach ausgestattet, das Platz f\u00fcr Laptops mit einer Gr\u00f6\u00dfe von bis zu 15,4 Zoll bietet. Es gibt auch mehrere Innenf\u00e4cher und Stiftschlaufen, die es erm\u00f6glichen, kleinere Gegenst\u00e4nde organisiert zu halten.<br \/>\nMit ihrem zeitlosen Design und ihrer praktischen Ausstattung ist sie eine ausgezeichnete Wahl f\u00fcr anspruchsvolle Gesch\u00e4ftsleute, die eine hochwertige Aktentasche suchen, die sowohl im B\u00fcro als auch unterwegs einen professionellen Eindruck hinterl\u00e4sst.<\/p>\n","protected":false},"excerpt":{"rendered":"<ul>\n<li>Strapazierf\u00e4higes Kunstleder in klassischem Schwarz<\/li>\n<li>Abnehmbarer Schulterriemen &#038; abschlie\u00dfbares Schloss<\/li>\n<li>F\u00fcnf A4-F\u00e4cher &#038; Rei\u00dfverschlussfach auf der R\u00fcckseite<\/li>\n<li>Hauptfach mit Laptop-\/Tabletfach, Stiftschlaufen &#038; Visitenkartenf\u00e4chern<\/li>\n<\/ul>\n","protected":false},"featured_media":7356,"template":"","meta":{"inline_featured_image":false},"product_brand":[],"product_cat":[1651],"product_tag":[],"class_list":{"0":"post-27485","1":"product","2":"type-product","3":"status-publish","4":"has-post-thumbnail","6":"product_cat-alassio","8":"first","9":"instock","10":"purchasable","11":"product-type-simple"},"_links":{"self":[{"href":"https:\/\/www.juescha.de\/de_de\/wp-json\/wp\/v2\/product\/27485","targetHints":{"allow":["GET"]}}],"collection":[{"href":"https:\/\/www.juescha.de\/de_de\/wp-json\/wp\/v2\/product"}],"about":[{"href":"https:\/\/www.juescha.de\/de_de\/wp-json\/wp\/v2\/types\/product"}],"version-history":[{"count":0,"href":"https:\/\/www.juescha.de\/de_de\/wp-json\/wp\/v2\/product\/27485\/revisions"}],"wp:featuredmedia":[{"embeddable":true,"href":"https:\/\/www.juescha.de\/de_de\/wp-json\/wp\/v2\/media\/7356"}],"wp:attachment":[{"href":"https:\/\/www.juescha.de\/de_de\/wp-json\/wp\/v2\/media?parent=27485"}],"wp:term":[{"taxonomy":"product_brand","embeddable":true,"href":"https:\/\/www.juescha.de\/de_de\/wp-json\/wp\/v2\/product_brand?post=27485"},{"taxonomy":"product_cat","embeddable":true,"href":"https:\/\/www.juescha.de\/de_de\/wp-json\/wp\/v2\/product_cat?post=27485"},{"taxonomy":"product_tag","embeddable":true,"href":"https:\/\/www.juescha.de\/de_de\/wp-json\/wp\/v2\/product_tag?post=27485"}],"curies":[{"name":"wp","href":"https:\/\/api.w.org\/{rel}","templated":true}]}}