{"id":27484,"date":"2025-04-28T19:52:49","date_gmt":"2025-04-28T17:52:49","guid":{"rendered":"https:\/\/www.juescha.de\/shop\/unkategorisiert\/aktentasche-cantana\/"},"modified":"2026-01-21T08:48:31","modified_gmt":"2026-01-21T07:48:31","slug":"aktentasche-cantana","status":"publish","type":"product","link":"https:\/\/www.juescha.de\/de_de\/shop\/alassio\/aktentasche-cantana\/","title":{"rendered":"Aktentasche CANTANA"},"content":{"rendered":"<h1>Aktentasche CANTANA <\/h1>\n<p>Abnehmbarer Schultertrageriemen, Schloss. Innen: Zwei Hauptf\u00e4cher und ein Rei\u00dfverschlussfach. Organizerfach inkl. Handyfach, drei Schreibger\u00e4teschlaufen, drei Visitenkartenf\u00e4cher.<br \/>\nDie Aktentasche Cantana in Schwarz von Alassio ist ein hochwertiges und stilvolles Accessoire f\u00fcr den gesch\u00e4ftlichen Alltag. Sie ist aus strapazierf\u00e4higem Kunstleder gefertigt und besticht durch ihre klassische Optik und ihre hohe Funktionalit\u00e4t.<br \/>\nDie Tasche verf\u00fcgt \u00fcber ein ger\u00e4umiges Hauptfach mit mehreren Steckf\u00e4chern f\u00fcr Dokumente, Stifte, Visitenkarten und andere B\u00fcroartikel.<br \/>\nDie Cantana Aktentasche ist mit einem bequemen Tragegriff und einem abnehmbaren, gepolsterten Schultergurt ausgestattet, der eine individuelle Anpassung an die Tragevorlieben erm\u00f6glicht. Die Tasche l\u00e4sst sich sicher mit einem Rei\u00dfverschluss verschlie\u00dfen, um den Inhalt vor unbefugtem Zugriff zu sch\u00fctzen.<br \/>\nDie Verarbeitung der Aktentasche ist hochwertig und die schwarze Farbe verleiht ihr ein edles und zeitloses Erscheinungsbild.<br \/>\nSie eignet sich ideal f\u00fcr den professionellen Einsatz im B\u00fcro oder auf Gesch\u00e4ftsreisen und bietet gen\u00fcgend Platz f\u00fcr alle wichtigen Dokumente und Utensilien, die man im gesch\u00e4ftlichen Alltag ben\u00f6tigt.<\/p>\n","protected":false},"excerpt":{"rendered":"<ul>\n<li>Abnehmbarer Schultertrageriemen<\/li>\n<li>Schloss. Innen: Zwei Hauptf\u00e4cher und ein Rei\u00dfverschlussfach. Organizerfach inkl. Handyfach<\/li>\n<li>drei Schreibger\u00e4teschlaufen<\/li>\n<li>drei Visitenkartenf\u00e4cher<\/li>\n<\/ul>\n","protected":false},"featured_media":7353,"template":"","meta":{"inline_featured_image":false},"product_brand":[],"product_cat":[1651],"product_tag":[],"class_list":{"0":"post-27484","1":"product","2":"type-product","3":"status-publish","4":"has-post-thumbnail","6":"product_cat-alassio","8":"first","9":"instock","10":"purchasable","11":"product-type-simple"},"_links":{"self":[{"href":"https:\/\/www.juescha.de\/de_de\/wp-json\/wp\/v2\/product\/27484","targetHints":{"allow":["GET"]}}],"collection":[{"href":"https:\/\/www.juescha.de\/de_de\/wp-json\/wp\/v2\/product"}],"about":[{"href":"https:\/\/www.juescha.de\/de_de\/wp-json\/wp\/v2\/types\/product"}],"version-history":[{"count":0,"href":"https:\/\/www.juescha.de\/de_de\/wp-json\/wp\/v2\/product\/27484\/revisions"}],"wp:featuredmedia":[{"embeddable":true,"href":"https:\/\/www.juescha.de\/de_de\/wp-json\/wp\/v2\/media\/7353"}],"wp:attachment":[{"href":"https:\/\/www.juescha.de\/de_de\/wp-json\/wp\/v2\/media?parent=27484"}],"wp:term":[{"taxonomy":"product_brand","embeddable":true,"href":"https:\/\/www.juescha.de\/de_de\/wp-json\/wp\/v2\/product_brand?post=27484"},{"taxonomy":"product_cat","embeddable":true,"href":"https:\/\/www.juescha.de\/de_de\/wp-json\/wp\/v2\/product_cat?post=27484"},{"taxonomy":"product_tag","embeddable":true,"href":"https:\/\/www.juescha.de\/de_de\/wp-json\/wp\/v2\/product_tag?post=27484"}],"curies":[{"name":"wp","href":"https:\/\/api.w.org\/{rel}","templated":true}]}}