{"id":27483,"date":"2025-04-28T19:52:49","date_gmt":"2025-04-28T17:52:49","guid":{"rendered":"https:\/\/www.juescha.de\/shop\/unkategorisiert\/aktentasche-veneto-2\/"},"modified":"2026-01-21T08:48:38","modified_gmt":"2026-01-21T07:48:38","slug":"aktentasche-veneto-2","status":"publish","type":"product","link":"https:\/\/www.juescha.de\/de_de\/shop\/alassio\/aktentasche-veneto-2\/","title":{"rendered":"Aktentasche VENETO"},"content":{"rendered":"<h1>Aktentasche VENETO<\/h1>\n<p>Tragegriff, abnehmbarer Schultertrageriemen, zwei Schl\u00f6sser, Rei\u00dfverschlussfach auf der R\u00fcckseite. Innen: Laptopfach, drei Hauptf\u00e4cher, zwei gro\u00dfe Fronttaschen, Organizerfach inkl. drei Visitenkartenf\u00e4chern, drei Schreibger\u00e4teschlaufen und Handyfach.<br \/>\nDie Aktentasche Veneto in schwarz von Alassio ist eine elegante und hochwertige Tasche, die sich ideal f\u00fcr den anspruchsvollen Gesch\u00e4ftsalltag eignet. Sie ist aus erstklassigem schwarzen Lederimitat gefertigt, das f\u00fcr seine Langlebigkeit und seinen edlen Look bekannt ist. Die Tasche besticht durch ihr schlichtes und zeitloses Design, das sie zu einem zeitgem\u00e4\u00dfen Klassiker macht.<br \/>\nDie Veneto Aktentasche verf\u00fcgt \u00fcber ein ger\u00e4umiges Hauptfach, das gen\u00fcgend Platz f\u00fcr Unterlagen im DIN A4-Format, einen Laptop oder Tablet bis zu 15 Zoll und andere wichtige Utensilien bietet. Ein integriertes Organizer-Fach mit diversen F\u00e4chern und Taschen erm\u00f6glicht eine \u00fcbersichtliche Aufbewahrung von Stiften, Visitenkarten, Handy und anderen Kleinigkeiten, sodass alles ordentlich und griffbereit verstaut werden kann.<br \/>\nDie Tasche ist mit einem stabilen Tragegriff und einem abnehmbaren, verstellbaren Schultergurt ausgestattet, der ein bequemes Tragen in der Hand oder \u00fcber der Schulter erm\u00f6glicht. Die hochwertigen Metallbeschl\u00e4ge und das robuste Rei\u00dfverschlussfach auf der R\u00fcckseite sorgen f\u00fcr eine sichere und zuverl\u00e4ssige Nutzung.<br \/>\nDie Aktentasche Veneto von Alassio ist nicht nur praktisch, sondern auch optisch ansprechend. Ihr schlichtes schwarzes Kunslederdesign mit feinen N\u00e4hten verleiht ihr eine klassische und stilvolle Optik, die zu jedem professionellen Outfit passt.<\/p>\n","protected":false},"excerpt":{"rendered":"<ul>\n<li>Edles schwarzes Lederimitat mit klassischem Design<\/li>\n<li>Tragegriff, abnehmbarer Schulterriemen &#038; zwei Schl\u00f6sser<\/li>\n<li>Drei Hauptf\u00e4cher, Laptopfach &#038; zwei gro\u00dfe Fronttaschen<\/li>\n<li>Organizer mit Karten-, Stift- &#038; Handyfach, R\u00fcckfach mit Rei\u00dfverschluss<\/li>\n<\/ul>\n","protected":false},"featured_media":7350,"template":"","meta":{"inline_featured_image":false},"product_brand":[],"product_cat":[1651],"product_tag":[],"class_list":{"0":"post-27483","1":"product","2":"type-product","3":"status-publish","4":"has-post-thumbnail","6":"product_cat-alassio","8":"first","9":"instock","10":"purchasable","11":"product-type-simple"},"_links":{"self":[{"href":"https:\/\/www.juescha.de\/de_de\/wp-json\/wp\/v2\/product\/27483","targetHints":{"allow":["GET"]}}],"collection":[{"href":"https:\/\/www.juescha.de\/de_de\/wp-json\/wp\/v2\/product"}],"about":[{"href":"https:\/\/www.juescha.de\/de_de\/wp-json\/wp\/v2\/types\/product"}],"version-history":[{"count":0,"href":"https:\/\/www.juescha.de\/de_de\/wp-json\/wp\/v2\/product\/27483\/revisions"}],"wp:featuredmedia":[{"embeddable":true,"href":"https:\/\/www.juescha.de\/de_de\/wp-json\/wp\/v2\/media\/7350"}],"wp:attachment":[{"href":"https:\/\/www.juescha.de\/de_de\/wp-json\/wp\/v2\/media?parent=27483"}],"wp:term":[{"taxonomy":"product_brand","embeddable":true,"href":"https:\/\/www.juescha.de\/de_de\/wp-json\/wp\/v2\/product_brand?post=27483"},{"taxonomy":"product_cat","embeddable":true,"href":"https:\/\/www.juescha.de\/de_de\/wp-json\/wp\/v2\/product_cat?post=27483"},{"taxonomy":"product_tag","embeddable":true,"href":"https:\/\/www.juescha.de\/de_de\/wp-json\/wp\/v2\/product_tag?post=27483"}],"curies":[{"name":"wp","href":"https:\/\/api.w.org\/{rel}","templated":true}]}}