{"id":27480,"date":"2025-04-28T19:52:48","date_gmt":"2025-04-28T17:52:48","guid":{"rendered":"https:\/\/www.juescha.de\/shop\/unkategorisiert\/aktentasche-monaco\/"},"modified":"2026-01-21T08:48:39","modified_gmt":"2026-01-21T07:48:39","slug":"aktentasche-monaco","status":"publish","type":"product","link":"https:\/\/www.juescha.de\/de_de\/shop\/alassio\/aktentasche-monaco\/","title":{"rendered":"Aktentasche MONACO"},"content":{"rendered":"<h1>Aktentasche MONACO <\/h1>\n<p>Tragegriff und abnehmbarer Schultertrageriemen, Rei\u00dfverschlussfach auf der R\u00fcckseite, Stufenschloss. Innen: Laptopfach, Hauptfach passend f\u00fcr DIN A4 Ordner. Zwei gro\u00dfe Hauptf\u00e4cher, ausgestattet mit: Etui inkl. Magnetverschluss, f\u00fcnf aufgesetzten Kredit-\u2009\/\u2009Visitenkartenf\u00e4chern, zwei Schreibger\u00e4teschlaufen, Handytasche, Rei\u00dfverschlussfach.<br \/>\nDie Aktentasche Monaco von Alassio in der Farbe Dunkelbraun-Antik ist eine stilvolle und hochwertige Wahl f\u00fcr gesch\u00e4ftliche Anl\u00e4sse. Sie ist aus hochwertigem pflanzlich-gegerbetem Leder gefertigt und besticht durch ihre klassische Optik mit antikem Finish, die ihr einen eleganten Vintage-Look verleiht.<br \/>\nDie Tasche verf\u00fcgt \u00fcber eine ger\u00e4umige Haupttasche, das ausreichend Platz f\u00fcr Dokumente im A4-Format, einen Laptop oder andere wichtige Unterlagen bietet. Im Inneren der Aktentasche gibt es zudem verschiedene Organizer-F\u00e4cher und Stiftschlaufen, die f\u00fcr Ordnung und \u00dcbersicht sorgen.<br \/>\nDie Aktentasche Monaco ist mit einem stabilen Tragegriff und einem abnehmbaren, verstellbaren Schultergurt ausgestattet, der f\u00fcr individuellen Tragekomfort sorgt. Die Metallbeschl\u00e4ge und der verdeckte Druckknopfverschluss verleihen der Tasche zus\u00e4tzliche Stabilit\u00e4t und Sicherheit.<br \/>\nDie dunkelbraun-antike Farbe der Aktentasche Monaco von Alassio verleiht ihr einen edlen und zeitlosen Charakter, der perfekt zu formellen Gesch\u00e4ftsoutfits passt. Sie eignet sich ideal f\u00fcr Gesch\u00e4ftsleute, die eine stilvolle und hochwertige Aktentasche f\u00fcr den t\u00e4glichen Gebrauch suchen und Wert auf Qualit\u00e4t und Design legen.<\/p>\n","protected":false},"excerpt":{"rendered":"<ul>\n<li>Pflanzlich gegerbtes Leder im Dunkelbraun-Antik-Look<\/li>\n<li>Tragegriff, Schulterriemen &#038; Stufenschloss<\/li>\n<li>Zwei Hauptf\u00e4cher f\u00fcr A4-Ordner &#038; Laptop<\/li>\n<li>Organizer mit Etui, Kartenf\u00e4chern, Handytasche &#038; Rei\u00dfverschlussfach<\/li>\n<\/ul>\n","protected":false},"featured_media":7341,"template":"","meta":{"inline_featured_image":false},"product_brand":[],"product_cat":[1651],"product_tag":[],"class_list":{"0":"post-27480","1":"product","2":"type-product","3":"status-publish","4":"has-post-thumbnail","6":"product_cat-alassio","8":"first","9":"instock","10":"purchasable","11":"product-type-simple"},"_links":{"self":[{"href":"https:\/\/www.juescha.de\/de_de\/wp-json\/wp\/v2\/product\/27480","targetHints":{"allow":["GET"]}}],"collection":[{"href":"https:\/\/www.juescha.de\/de_de\/wp-json\/wp\/v2\/product"}],"about":[{"href":"https:\/\/www.juescha.de\/de_de\/wp-json\/wp\/v2\/types\/product"}],"version-history":[{"count":0,"href":"https:\/\/www.juescha.de\/de_de\/wp-json\/wp\/v2\/product\/27480\/revisions"}],"wp:featuredmedia":[{"embeddable":true,"href":"https:\/\/www.juescha.de\/de_de\/wp-json\/wp\/v2\/media\/7341"}],"wp:attachment":[{"href":"https:\/\/www.juescha.de\/de_de\/wp-json\/wp\/v2\/media?parent=27480"}],"wp:term":[{"taxonomy":"product_brand","embeddable":true,"href":"https:\/\/www.juescha.de\/de_de\/wp-json\/wp\/v2\/product_brand?post=27480"},{"taxonomy":"product_cat","embeddable":true,"href":"https:\/\/www.juescha.de\/de_de\/wp-json\/wp\/v2\/product_cat?post=27480"},{"taxonomy":"product_tag","embeddable":true,"href":"https:\/\/www.juescha.de\/de_de\/wp-json\/wp\/v2\/product_tag?post=27480"}],"curies":[{"name":"wp","href":"https:\/\/api.w.org\/{rel}","templated":true}]}}