{"id":27478,"date":"2025-04-28T19:52:48","date_gmt":"2025-04-28T17:52:48","guid":{"rendered":"https:\/\/www.juescha.de\/shop\/unkategorisiert\/aktentasche-faenza\/"},"modified":"2026-01-21T08:48:40","modified_gmt":"2026-01-21T07:48:40","slug":"aktentasche-faenza","status":"publish","type":"product","link":"https:\/\/www.juescha.de\/de_de\/shop\/alassio\/aktentasche-faenza\/","title":{"rendered":"Aktentasche FAENZA"},"content":{"rendered":"<h1>Aktentasche FAENZA<\/h1>\n<p>Tragegriff und abnehmbarer Schultertrageriemen, A4 Fach auf der R\u00fcckseite, Schloss. Innen: Laptopfach mit Abdeckung, herausnehmbares Utensilienetui, Hauptfach, Vorfach ausgestattet mit zwei Schreibger\u00e4teschlaufen, Handyfach, Einsteckfach.<br \/>\nDie Aktentasche Faenza in Schwarz von Alassio ist ein elegantes und hochwertiges Accessoire f\u00fcr den stilbewussten Gesch\u00e4ftsmann oder die Gesch\u00e4ftsfrau. Sie ist aus strapazierf\u00e4higem Leder gefertigt und besticht durch ihr schlichtes, zeitloses Design.<br \/>\nDie Aktentasche verf\u00fcgt \u00fcber eine rechteckige Form mit abgerundeten Ecken und hat eine Gr\u00f6\u00dfe von etwa 32,5 x 41 x 12 cm, was gen\u00fcgend Platz f\u00fcr Dokumente, Laptop und andere B\u00fcromaterialien bietet. Sie wird mit einem Schloss verschlossen, das f\u00fcr zus\u00e4tzliche Sicherheit sorgt.<br \/>\nDer Tragekomfort wird durch den verstellbaren Schultergurt und dem gepolsterten Tragegriff gew\u00e4hrleistet, die ein bequemes Tragen sowohl in der Hand als auch \u00fcber der Schulter erm\u00f6glichen.<br \/>\nIm Inneren der Aktentasche befinden sich mehrere F\u00e4cher und Taschen, die zur Organisation und Aufbewahrung von Dokumenten, Stiften, Visitenkarten und anderen Kleinigkeiten dienen. Es gibt auch ein Laptopfach mit Abdeckung, das Laptops mit einer Gr\u00f6\u00dfe von bis zu 15 Zoll sicher aufbewahrt.<br \/>\nDie Aktentasche Faenza in Schwarz von Alassio ist ein stilvolles und praktisches Accessoire f\u00fcr den anspruchsvollen Gesch\u00e4ftsalltag.<\/p>\n","protected":false},"excerpt":{"rendered":"<ul>\n<li>Elegantes Lederdesign in klassischem Schwarz<\/li>\n<li>Tragegriff, abnehmbarer Schulterriemen &#038; Schloss<\/li>\n<li>Laptopfach mit Abdeckung &#038; herausnehmbares Etui<\/li>\n<li>Vorfach mit Stiftschlaufen, Handy- &#038; Einsteckfach<\/li>\n<\/ul>\n","protected":false},"featured_media":7333,"template":"","meta":{"inline_featured_image":false},"product_brand":[],"product_cat":[1651],"product_tag":[],"class_list":{"0":"post-27478","1":"product","2":"type-product","3":"status-publish","4":"has-post-thumbnail","6":"product_cat-alassio","8":"first","9":"instock","10":"purchasable","11":"product-type-simple"},"_links":{"self":[{"href":"https:\/\/www.juescha.de\/de_de\/wp-json\/wp\/v2\/product\/27478","targetHints":{"allow":["GET"]}}],"collection":[{"href":"https:\/\/www.juescha.de\/de_de\/wp-json\/wp\/v2\/product"}],"about":[{"href":"https:\/\/www.juescha.de\/de_de\/wp-json\/wp\/v2\/types\/product"}],"version-history":[{"count":0,"href":"https:\/\/www.juescha.de\/de_de\/wp-json\/wp\/v2\/product\/27478\/revisions"}],"wp:featuredmedia":[{"embeddable":true,"href":"https:\/\/www.juescha.de\/de_de\/wp-json\/wp\/v2\/media\/7333"}],"wp:attachment":[{"href":"https:\/\/www.juescha.de\/de_de\/wp-json\/wp\/v2\/media?parent=27478"}],"wp:term":[{"taxonomy":"product_brand","embeddable":true,"href":"https:\/\/www.juescha.de\/de_de\/wp-json\/wp\/v2\/product_brand?post=27478"},{"taxonomy":"product_cat","embeddable":true,"href":"https:\/\/www.juescha.de\/de_de\/wp-json\/wp\/v2\/product_cat?post=27478"},{"taxonomy":"product_tag","embeddable":true,"href":"https:\/\/www.juescha.de\/de_de\/wp-json\/wp\/v2\/product_tag?post=27478"}],"curies":[{"name":"wp","href":"https:\/\/api.w.org\/{rel}","templated":true}]}}