{"id":27476,"date":"2025-04-28T19:52:47","date_gmt":"2025-04-28T17:52:47","guid":{"rendered":"https:\/\/www.juescha.de\/shop\/unkategorisiert\/aktentasche-pescara\/"},"modified":"2026-01-21T08:48:40","modified_gmt":"2026-01-21T07:48:40","slug":"aktentasche-pescara","status":"publish","type":"product","link":"https:\/\/www.juescha.de\/de_de\/shop\/alassio\/aktentasche-pescara\/","title":{"rendered":"Aktentasche PESCARA"},"content":{"rendered":"<h1>Aktentasche PESCARA <\/h1>\n<p>Tragegriff, abnehmbarer Schulterriemen, Schloss, Vorfach, zwei Hauptf\u00e4cher, Visitenkartenfach, zwei Schreibger\u00e4tschlaufen und Handyfach.<br \/>\nDie Aktentasche Pescara in Schwarz von Alassio ist eine elegante und stilvolle Tasche, die ideal f\u00fcr den professionellen Einsatz ist. Sie ist aus hochwertigem, strapazierf\u00e4higem Kunstleder gefertigt, das eine ansprechende Optik und Haltbarkeit bietet. Die Tasche verf\u00fcgt \u00fcber eine klassische, rechteckige Form mit einer minimalistischen Optik, die zeitlos und doch modern ist.<br \/>\nDie Tasche hat einen gro\u00dfen Hauptfach, das ausreichend Platz f\u00fcr Dokumente im A4-Format. Im Inneren befinden sich auch mehrere Organizer-F\u00e4cher und Taschen, die dabei helfen, die Ordnung zu halten und kleine Gegenst\u00e4nde wie Stifte, Visitenkarten, Mobiltelefone und andere Utensilien sicher zu verstauen.<br \/>\nDie Aktentasche Pescara ist mit einem stabilen Tragegriff und einem abnehmbaren, verstellbaren Schultergurt ausgestattet, der einen bequemen Transport erm\u00f6glicht. Dar\u00fcber hinaus verf\u00fcgt die Tasche \u00fcber ein Schloss, um die Sicherheit Ihrer Unterlagen zu gew\u00e4hrleisten.<br \/>\nDie Aktentasche Pescara von Alassio ist nicht nur funktional, sondern auch optisch ansprechend. Das glatte Kunstleder in Schwarz verleiht der Tasche eine edle Optik und macht sie zu einem stilvollen Accessoire f\u00fcr jeden Gesch\u00e4fts- oder Arbeitslook. Mit ihrer klassischen Eleganz und praktischen Ausstattung ist die Aktentasche Pescara eine ideale Wahl f\u00fcr Gesch\u00e4ftsleute, die eine stilvolle und funktionale Tasche f\u00fcr ihren professionellen Alltag suchen.<\/p>\n","protected":false},"excerpt":{"rendered":"<ul>\n<li>Hochwertiges Kunstleder in klassischem Schwarz<\/li>\n<li>Tragegriff &#038; abnehmbarer Schulterriemen<\/li>\n<li>Zwei Hauptf\u00e4cher &#038; abschlie\u00dfbares Vorfach<\/li>\n<li>Organizer mit Visitenkarten-, Handy- &#038; Stiftf\u00e4chern<\/li>\n<\/ul>\n","protected":false},"featured_media":7330,"template":"","meta":{"inline_featured_image":false},"product_brand":[],"product_cat":[1651],"product_tag":[],"class_list":{"0":"post-27476","1":"product","2":"type-product","3":"status-publish","4":"has-post-thumbnail","6":"product_cat-alassio","8":"first","9":"instock","10":"purchasable","11":"product-type-simple"},"_links":{"self":[{"href":"https:\/\/www.juescha.de\/de_de\/wp-json\/wp\/v2\/product\/27476","targetHints":{"allow":["GET"]}}],"collection":[{"href":"https:\/\/www.juescha.de\/de_de\/wp-json\/wp\/v2\/product"}],"about":[{"href":"https:\/\/www.juescha.de\/de_de\/wp-json\/wp\/v2\/types\/product"}],"version-history":[{"count":0,"href":"https:\/\/www.juescha.de\/de_de\/wp-json\/wp\/v2\/product\/27476\/revisions"}],"wp:featuredmedia":[{"embeddable":true,"href":"https:\/\/www.juescha.de\/de_de\/wp-json\/wp\/v2\/media\/7330"}],"wp:attachment":[{"href":"https:\/\/www.juescha.de\/de_de\/wp-json\/wp\/v2\/media?parent=27476"}],"wp:term":[{"taxonomy":"product_brand","embeddable":true,"href":"https:\/\/www.juescha.de\/de_de\/wp-json\/wp\/v2\/product_brand?post=27476"},{"taxonomy":"product_cat","embeddable":true,"href":"https:\/\/www.juescha.de\/de_de\/wp-json\/wp\/v2\/product_cat?post=27476"},{"taxonomy":"product_tag","embeddable":true,"href":"https:\/\/www.juescha.de\/de_de\/wp-json\/wp\/v2\/product_tag?post=27476"}],"curies":[{"name":"wp","href":"https:\/\/api.w.org\/{rel}","templated":true}]}}