{"id":27475,"date":"2025-04-28T19:52:47","date_gmt":"2025-04-28T17:52:47","guid":{"rendered":"https:\/\/www.juescha.de\/shop\/unkategorisiert\/laptop-attachekoffer-modica\/"},"modified":"2026-01-21T08:48:59","modified_gmt":"2026-01-21T07:48:59","slug":"laptop-attachekoffer-modica","status":"publish","type":"product","link":"https:\/\/www.juescha.de\/de_de\/shop\/alassio\/laptop-attachekoffer-modica\/","title":{"rendered":"Laptop Attach\u00e9koffer MODICA"},"content":{"rendered":"<h1>Laptop Attach\u00e9koffer MODICA<\/h1>\n<p>Dehnfalte, zwei Zahlenkombinationsschl\u00f6sser. Innen: Herausnehmbare Laptoptasche mit Schultertragegurt, vier Schreibger\u00e4teschlaufen, zwei A4 F\u00e4cher, zwei Utensilienetuis, drei Visitenkartenf\u00e4cher.<br \/>\nDer Laptop Attachekoffer Modica in Schwarz von Alassio ist ein stilvoller und funktioneller Koffer, der speziell f\u00fcr den sicheren Transport von Laptops und anderen Dokumenten entwickelt wurde.<br \/>\nDer Modica Attachekoffer zeichnet sich durch sein elegantes und zeitloses Design aus. Er ist aus hochwertigem Kunstleder gefertigt, das eine exzellente Haptik und Optik bietet. Das schwarze Kunstleder verleiht dem Koffer eine edle und professionelle Ausstrahlung.<br \/>\nDer Koffer hat eine kompakte Gr\u00f6\u00dfe von ca. 32,5 x 45,5 x 10,5 cm (B x H x T) und bietet ausreichend Platz f\u00fcr einen Laptop mit einer Bildschirmgr\u00f6\u00dfe von bis zu 17 Zoll. Es gibt auch ein Hauptfach, das gen\u00fcgend Platz f\u00fcr Dokumente, Ordner oder andere wichtige Unterlagen bietet. Im Inneren des Koffers gibt es mehrere F\u00e4cher und Taschen, die zur Organisation von Kugelschreibern, Visitenkarten, Mobiltelefonen und anderen kleinen Gegenst\u00e4nden verwendet werden k\u00f6nnen.<br \/>\nDer Modica Attachekoffer ist mit einem bequemen Tragegriff ausgestattet, der einen angenehmen Tragekomfort bietet.<br \/>\nDer Koffer verf\u00fcgt \u00fcber ein Zahlenschloss, der eine sichere Aufbewahrung von Laptop und anderen Dokumenten gew\u00e4hrleistet. Das Zahlenschloss bietet eine einfache M\u00f6glichkeit, den Koffer zu verschlie\u00dfen und den Inhalt vor unbefugtem Zugriff zu sch\u00fctzen.<br \/>\nMit seinem zeitlosen Design, der kompakten Gr\u00f6\u00dfe und den praktischen Organisationsm\u00f6glichkeiten ist er ideal f\u00fcr Gesch\u00e4ftsreisende, Manager und alle, die ihren Laptop und wichtige Dokumente stilvoll transportieren m\u00f6chten.<\/p>\n","protected":false},"excerpt":{"rendered":"<ul>\n<li>Hochwertiges Kunstleder mit edler Optik<\/li>\n<li>Dehnfalte &#038; zwei Zahlenkombinationsschl\u00f6sser<\/li>\n<li>Herausnehmbare Laptoptasche mit Schultergurt (bis 17 Zoll)<\/li>\n<li>A4-F\u00e4cher, Utensilienetuis &#038; Stift-\/Visitenkartenf\u00e4cher<\/li>\n<\/ul>\n","protected":false},"featured_media":7327,"template":"","meta":{"inline_featured_image":false},"product_brand":[],"product_cat":[1651],"product_tag":[],"class_list":{"0":"post-27475","1":"product","2":"type-product","3":"status-publish","4":"has-post-thumbnail","6":"product_cat-alassio","8":"first","9":"instock","10":"purchasable","11":"product-type-simple"},"_links":{"self":[{"href":"https:\/\/www.juescha.de\/de_de\/wp-json\/wp\/v2\/product\/27475","targetHints":{"allow":["GET"]}}],"collection":[{"href":"https:\/\/www.juescha.de\/de_de\/wp-json\/wp\/v2\/product"}],"about":[{"href":"https:\/\/www.juescha.de\/de_de\/wp-json\/wp\/v2\/types\/product"}],"version-history":[{"count":0,"href":"https:\/\/www.juescha.de\/de_de\/wp-json\/wp\/v2\/product\/27475\/revisions"}],"wp:featuredmedia":[{"embeddable":true,"href":"https:\/\/www.juescha.de\/de_de\/wp-json\/wp\/v2\/media\/7327"}],"wp:attachment":[{"href":"https:\/\/www.juescha.de\/de_de\/wp-json\/wp\/v2\/media?parent=27475"}],"wp:term":[{"taxonomy":"product_brand","embeddable":true,"href":"https:\/\/www.juescha.de\/de_de\/wp-json\/wp\/v2\/product_brand?post=27475"},{"taxonomy":"product_cat","embeddable":true,"href":"https:\/\/www.juescha.de\/de_de\/wp-json\/wp\/v2\/product_cat?post=27475"},{"taxonomy":"product_tag","embeddable":true,"href":"https:\/\/www.juescha.de\/de_de\/wp-json\/wp\/v2\/product_tag?post=27475"}],"curies":[{"name":"wp","href":"https:\/\/api.w.org\/{rel}","templated":true}]}}