{"id":27472,"date":"2025-04-28T19:52:45","date_gmt":"2025-04-28T17:52:45","guid":{"rendered":"https:\/\/www.juescha.de\/shop\/unkategorisiert\/pilotenkoffer-verona\/"},"modified":"2026-01-21T08:48:59","modified_gmt":"2026-01-21T07:48:59","slug":"pilotenkoffer-verona","status":"publish","type":"product","link":"https:\/\/www.juescha.de\/de_de\/shop\/alassio\/pilotenkoffer-verona\/","title":{"rendered":"Pilotenkoffer VERONA"},"content":{"rendered":"<h1>Pilotenkoffer VERONA <\/h1>\n<p>Abschlie\u00dfbare F\u00e4chervortasche inkl. f\u00fcnf F\u00e4chern, zwei Seitentaschen, davon eine mit: Handyetui, zwei Einschubf\u00e4chern, Karabinerhaken, drei Stifteschlaufen, zwei Zahlenkombinationsschl\u00f6ssern. Innen: Gepolstertes Laptopfach, Rei\u00dfverschlussetui sowie drei Schreibger\u00e4teschlaufen im Deckel, H\u00e4ngeregistervorrichtung.<br \/>\nDer Pilotenkoffer Verona in Schwarz von Alassio ist ein eleganter und funktionaler Koffer, der speziell f\u00fcr den Bedarf von Piloten und Vielreisenden entwickelt wurde. Er ist aus hochwertigem Leder gefertigt und \u00fcberzeugt durch sein zeitloses Design.<br \/>\nDer Koffer hat eine Gr\u00f6\u00dfe von ca. 35 x 49 x 24 cm, was ihn zu einem handlichen Begleiter auf Reisen macht. Er verf\u00fcgt \u00fcber eine stabile Rahmenkonstruktion und ist daher besonders robust und langlebig.<br \/>\nDer Pilotenkoffer Verona bietet eine Vielzahl von F\u00e4chern und Taschen, die ausreichend Platz f\u00fcr Dokumente, Laptops, Tablets, Stifte und andere Utensilien bieten. Im Hauptfach befindet sich ein gepolstertes Laptopfach zur sicheren Aufbewahrung eines Laptops bis zu 17 Zoll. Ein integrierter Organizer mit Stiftschlaufen und Kartenf\u00e4chern hilft bei der Ordnung von Dokumenten und kleinen Gegenst\u00e4nden.<br \/>\nDer Koffer ist mit einem stabilen Tragegriff oben versehen und zwei Zahlenkombinationsschl\u00f6sser sorgen f\u00fcr die Sicherheit von Wertgegenst\u00e4nden im Koffer.<\/p>\n","protected":false},"excerpt":{"rendered":"<ul>\n<li>Abschlie\u00dfbare F\u00e4chervortasche mit 5 F\u00e4chern<\/li>\n<li>Zwei Seitentaschen, davon eine mit Organizer &#038; Karabinerhaken<\/li>\n<li>Gepolstertes Laptopfach (bis 17 Zoll) &#038; H\u00e4ngeregister<\/li>\n<li>Rei\u00dfverschlussetui &#038; Stifteschlaufen im Deckel<\/li>\n<\/ul>\n","protected":false},"featured_media":7316,"template":"","meta":{"inline_featured_image":false},"product_brand":[],"product_cat":[1651],"product_tag":[],"class_list":{"0":"post-27472","1":"product","2":"type-product","3":"status-publish","4":"has-post-thumbnail","6":"product_cat-alassio","8":"first","9":"instock","10":"purchasable","11":"product-type-simple"},"_links":{"self":[{"href":"https:\/\/www.juescha.de\/de_de\/wp-json\/wp\/v2\/product\/27472","targetHints":{"allow":["GET"]}}],"collection":[{"href":"https:\/\/www.juescha.de\/de_de\/wp-json\/wp\/v2\/product"}],"about":[{"href":"https:\/\/www.juescha.de\/de_de\/wp-json\/wp\/v2\/types\/product"}],"version-history":[{"count":0,"href":"https:\/\/www.juescha.de\/de_de\/wp-json\/wp\/v2\/product\/27472\/revisions"}],"wp:featuredmedia":[{"embeddable":true,"href":"https:\/\/www.juescha.de\/de_de\/wp-json\/wp\/v2\/media\/7316"}],"wp:attachment":[{"href":"https:\/\/www.juescha.de\/de_de\/wp-json\/wp\/v2\/media?parent=27472"}],"wp:term":[{"taxonomy":"product_brand","embeddable":true,"href":"https:\/\/www.juescha.de\/de_de\/wp-json\/wp\/v2\/product_brand?post=27472"},{"taxonomy":"product_cat","embeddable":true,"href":"https:\/\/www.juescha.de\/de_de\/wp-json\/wp\/v2\/product_cat?post=27472"},{"taxonomy":"product_tag","embeddable":true,"href":"https:\/\/www.juescha.de\/de_de\/wp-json\/wp\/v2\/product_tag?post=27472"}],"curies":[{"name":"wp","href":"https:\/\/api.w.org\/{rel}","templated":true}]}}