{"id":27470,"date":"2025-04-28T19:52:45","date_gmt":"2025-04-28T17:52:45","guid":{"rendered":"https:\/\/www.juescha.de\/shop\/unkategorisiert\/pilotenkoffer-genova\/"},"modified":"2026-01-21T08:48:59","modified_gmt":"2026-01-21T07:48:59","slug":"pilotenkoffer-genova","status":"publish","type":"product","link":"https:\/\/www.juescha.de\/de_de\/shop\/alassio\/pilotenkoffer-genova\/","title":{"rendered":"Pilotenkoffer GENOVA"},"content":{"rendered":"<h1>Pilotenkoffer GENOVA<\/h1>\n<p>Gro\u00dfes Staufach, zwei Zahlenkombinationsschl\u00f6sser, Rei\u00dfverschlussetui sowie drei Stiftschlaufen im Deckel, eine Seitentasche.<br \/>\nDer Pilotenkoffer Genova von Alassio in schwarz ist ein stilvoller und praktischer Koffer, der speziell f\u00fcr Gesch\u00e4ftsreisende und Vielreisende entwickelt wurde. Er besticht durch seine hochwertige Verarbeitung und sein ansprechendes Design.<br \/>\nDer Koffer ist aus strapazierf\u00e4higem, schwarzem Kunstleder gefertigt und verf\u00fcgt \u00fcber eine edle, glatte Oberfl\u00e4che. Er ist stabil und langlebig, um den Anforderungen des t\u00e4glichen Gebrauchs standzuhalten. Der Koffer ist mit einem ergonomischen Tragegriff ausgestattet, der ein bequemes Tragen erm\u00f6glicht.<br \/>\nDer Pilotenkoffer Genova bietet ein ger\u00e4umiges Hauptfach, das gen\u00fcgend Platz f\u00fcr Unterlagen im A4-Format, Notebooks, Tablets oder andere wichtige Gegenst\u00e4nde bietet. Ein weiteres gro\u00dfes Fach bietet Platz f\u00fcr Dokumente und Ordner. Der Koffer verf\u00fcgt au\u00dferdem \u00fcber mehrere Steckf\u00e4cher und Stiftschlaufen, um Ihre Utensilien gut organisiert zu halten.<br \/>\nAn der Seite des Koffers befindet sich eine ger\u00e4umige Taschen, die zus\u00e4tzlichen Stauraum bietet. Die Taschee ist gut zug\u00e4nglich und erm\u00f6glichen eine bequeme Aufbewahrung von wichtigen Dingen.<br \/>\nDer Pilotenkoffer Genova von Alassio ist mit zwei Zahlenkombinationsschl\u00f6ssern ausgestattet, um Ihre pers\u00f6nlichen Gegenst\u00e4nde sicher aufzubewahren und vor unbefugtem Zugriff zu sch\u00fctzen.<\/p>\n","protected":false},"excerpt":{"rendered":"<ul>\n<li>Gro\u00dfes Staufach f\u00fcr A4-Dokumente &#038; Notebooks<\/li>\n<li>Zwei Zahlenschl\u00f6sser f\u00fcr sicheren Verschluss<\/li>\n<li>Rei\u00dfverschlussetui &#038; drei Stiftschlaufen im Deckel<\/li>\n<li>Ger\u00e4umige Seitentasche f\u00fcr zus\u00e4tzlichen Stauraum<\/li>\n<\/ul>\n","protected":false},"featured_media":7311,"template":"","meta":{"inline_featured_image":false},"product_brand":[],"product_cat":[1651],"product_tag":[],"class_list":{"0":"post-27470","1":"product","2":"type-product","3":"status-publish","4":"has-post-thumbnail","6":"product_cat-alassio","8":"first","9":"instock","10":"purchasable","11":"product-type-simple"},"_links":{"self":[{"href":"https:\/\/www.juescha.de\/de_de\/wp-json\/wp\/v2\/product\/27470","targetHints":{"allow":["GET"]}}],"collection":[{"href":"https:\/\/www.juescha.de\/de_de\/wp-json\/wp\/v2\/product"}],"about":[{"href":"https:\/\/www.juescha.de\/de_de\/wp-json\/wp\/v2\/types\/product"}],"version-history":[{"count":0,"href":"https:\/\/www.juescha.de\/de_de\/wp-json\/wp\/v2\/product\/27470\/revisions"}],"wp:featuredmedia":[{"embeddable":true,"href":"https:\/\/www.juescha.de\/de_de\/wp-json\/wp\/v2\/media\/7311"}],"wp:attachment":[{"href":"https:\/\/www.juescha.de\/de_de\/wp-json\/wp\/v2\/media?parent=27470"}],"wp:term":[{"taxonomy":"product_brand","embeddable":true,"href":"https:\/\/www.juescha.de\/de_de\/wp-json\/wp\/v2\/product_brand?post=27470"},{"taxonomy":"product_cat","embeddable":true,"href":"https:\/\/www.juescha.de\/de_de\/wp-json\/wp\/v2\/product_cat?post=27470"},{"taxonomy":"product_tag","embeddable":true,"href":"https:\/\/www.juescha.de\/de_de\/wp-json\/wp\/v2\/product_tag?post=27470"}],"curies":[{"name":"wp","href":"https:\/\/api.w.org\/{rel}","templated":true}]}}