{"id":27469,"date":"2025-04-28T19:52:45","date_gmt":"2025-04-28T17:52:45","guid":{"rendered":"https:\/\/www.juescha.de\/shop\/unkategorisiert\/pilotenkoffer-ancona\/"},"modified":"2026-01-21T08:48:59","modified_gmt":"2026-01-21T07:48:59","slug":"pilotenkoffer-ancona","status":"publish","type":"product","link":"https:\/\/www.juescha.de\/de_de\/shop\/alassio\/pilotenkoffer-ancona\/","title":{"rendered":"Pilotenkoffer ANCONA"},"content":{"rendered":"<h1>Pilotenkoffer ANCONA <\/h1>\n<p>Seitentasche, zwei Zahlenkombinationsschl\u00f6sser. Innen: Gepolstertes Laptopfach, Rei\u00dfverschlussetui sowie drei Schreibger\u00e4teschlaufen im Deckel, A4 Einschubfach, H\u00e4ngeregistervorrichtung.<br \/>\nDer Pilotenkoffer Ancona von Alassio ist ein stilvoller und funktionaler Reisekoffer, der speziell f\u00fcr Piloten und Vielreisende entwickelt wurde. Er ist in der Farbe Schwarz erh\u00e4ltlich und besticht durch seine hochwertige Verarbeitung und ansprechende Optik.<br \/>\nDer Koffer ist aus strapazierf\u00e4higem, schwarzem Lederimitat gefertigt, was ihm eine elegante Optik verleiht und gleichzeitig eine lange Haltbarkeit gew\u00e4hrleistet. Die Oberfl\u00e4che ist leicht strukturiert und wirkt dadurch besonders edel. Der Koffer verf\u00fcgt \u00fcber einen soliden Tragegriff an der Oberseite, die ein bequemes Tragen erm\u00f6glichen. Das Hauptfach ist mit zwei Zahlenkombinationsschl\u00f6ssern versehen, der die Inhalte sicher sch\u00fctzt. Im Inneren befinden sich mehrere F\u00e4cher, darunter ein gepolstertes Laptopfach f\u00fcr Laptops bis zu 15 Zoll, ein Steckfach f\u00fcr Dokumente, Karten und Stifte sowie ein separates Fach mit Rei\u00dfverschluss f\u00fcr kleinere Gegenst\u00e4nde.<br \/>\nDer Pilotenkoffer Ancona von Alassio ist ein hochwertiger und eleganter Koffer, der speziell f\u00fcr Piloten und Gesch\u00e4ftsreisende entwickelt wurde. Mit seinem gro\u00dfz\u00fcgigen Stauraum, der durchdachten Organisation und dem ansprechenden Design ist er ein zuverl\u00e4ssiger Begleiter f\u00fcr anspruchsvolle Reisen.<\/p>\n","protected":false},"excerpt":{"rendered":"<ul>\n<li>Seitentasche &#038; zwei Zahlenschl\u00f6sser<\/li>\n<li>Gepolstertes Laptopfach (bis 15 Zoll)<\/li>\n<li>Rei\u00dfverschlussetui &#038; drei Schreibger\u00e4teschlaufen<\/li>\n<li>A4-Einschubfach &#038; H\u00e4ngeregistervorrichtung<\/li>\n<\/ul>\n","protected":false},"featured_media":7308,"template":"","meta":{"inline_featured_image":false},"product_brand":[],"product_cat":[1651],"product_tag":[],"class_list":{"0":"post-27469","1":"product","2":"type-product","3":"status-publish","4":"has-post-thumbnail","6":"product_cat-alassio","8":"first","9":"instock","10":"purchasable","11":"product-type-simple"},"_links":{"self":[{"href":"https:\/\/www.juescha.de\/de_de\/wp-json\/wp\/v2\/product\/27469","targetHints":{"allow":["GET"]}}],"collection":[{"href":"https:\/\/www.juescha.de\/de_de\/wp-json\/wp\/v2\/product"}],"about":[{"href":"https:\/\/www.juescha.de\/de_de\/wp-json\/wp\/v2\/types\/product"}],"version-history":[{"count":0,"href":"https:\/\/www.juescha.de\/de_de\/wp-json\/wp\/v2\/product\/27469\/revisions"}],"wp:featuredmedia":[{"embeddable":true,"href":"https:\/\/www.juescha.de\/de_de\/wp-json\/wp\/v2\/media\/7308"}],"wp:attachment":[{"href":"https:\/\/www.juescha.de\/de_de\/wp-json\/wp\/v2\/media?parent=27469"}],"wp:term":[{"taxonomy":"product_brand","embeddable":true,"href":"https:\/\/www.juescha.de\/de_de\/wp-json\/wp\/v2\/product_brand?post=27469"},{"taxonomy":"product_cat","embeddable":true,"href":"https:\/\/www.juescha.de\/de_de\/wp-json\/wp\/v2\/product_cat?post=27469"},{"taxonomy":"product_tag","embeddable":true,"href":"https:\/\/www.juescha.de\/de_de\/wp-json\/wp\/v2\/product_tag?post=27469"}],"curies":[{"name":"wp","href":"https:\/\/api.w.org\/{rel}","templated":true}]}}