{"id":27467,"date":"2025-04-28T19:52:44","date_gmt":"2025-04-28T17:52:44","guid":{"rendered":"https:\/\/www.juescha.de\/shop\/unkategorisiert\/pilotenkoffer-silvana-2\/"},"modified":"2026-01-21T08:48:31","modified_gmt":"2026-01-21T07:48:31","slug":"pilotenkoffer-silvana-2","status":"publish","type":"product","link":"https:\/\/www.juescha.de\/de_de\/shop\/alassio\/pilotenkoffer-silvana-2\/","title":{"rendered":"Pilotenkoffer SILVANA"},"content":{"rendered":"<h1>Pilotenkoffer SILVANA <\/h1>\n<p>Arretierbares Trolleysystem, eine Seitentasche, abschlie\u00dfbare Vortasche, zwei Kombinationsschl\u00f6sser. Innen: Ger\u00e4umiges Hauptfach, Laptopfach, H\u00e4ngeregistervorrichtung, drei Schreibger\u00e4teschlaufen und Rei\u00dfverschlusstasche im Deckel.<br \/>\nDer Pilotenkoffer Silvana in Schwarz von Alassio ist ein stilvoller und funktionaler Koffer, der speziell f\u00fcr Piloten und Vielreisende entwickelt wurde. Er ist aus hochwertigem, strapazierf\u00e4higem Leder gefertigt und besticht durch sein elegantes Design.<br \/>\nDer Koffer verf\u00fcgt \u00fcber eine ger\u00e4umige Haupttasche. Im Inneren befinden sich zahlreiche F\u00e4cher, die speziell f\u00fcr die Aufbewahrung von Dokumenten, Stiften, Visitenkarten, Mobiltelefonen und anderen wichtigen Gegenst\u00e4nden entwickelt wurden. Eine gepolsterte Laptop-Tasche bietet Platz f\u00fcr einen Laptop bis zu 17 Zoll, so dass Sie Ihre elektronischen Ger\u00e4te sicher transportieren k\u00f6nnen.<br \/>\nDer Pilotenkoffer verf\u00fcgt au\u00dferdem \u00fcber eine Fronttasche, die zus\u00e4tzlichen Stauraum bietet und schnell erreichbar ist. Ein stabiler Tragegriff sorgt f\u00fcr bequemes Tragen und Transportieren des Koffers. Dank seiner Rollen und des ausziehbaren Teleskopgriffs kann der Koffer auch leicht gerollt werden, um den Transport zu erleichtern.<br \/>\nDer Pilotenkoffer Silvana von Alassio ist nicht nur praktisch und funktional, sondern auch optisch ansprechend. Sein zeitloses Schwarz und das hochwertige Leder verleihen ihm ein professionelles und edles Aussehen, das perfekt zu gesch\u00e4ftlichen Anl\u00e4ssen passt.<\/p>\n","protected":false},"excerpt":{"rendered":"<ul>\n<li>Arretierbares Trolleysystem &#038; stabile Seitentasche<\/li>\n<li>Abschlie\u00dfbare Vortasche &#038; zwei Kombinationsschl\u00f6sser<\/li>\n<li>Ger\u00e4umiges Hauptfach mit H\u00e4ngeregister &#038; Laptopfach (bis 17 Zoll)<\/li>\n<li>Organizer mit Stifteschlaufen &#038; Rei\u00dfverschlusstasche<\/li>\n<\/ul>\n","protected":false},"featured_media":7301,"template":"","meta":{"inline_featured_image":false},"product_brand":[],"product_cat":[1651],"product_tag":[],"class_list":{"0":"post-27467","1":"product","2":"type-product","3":"status-publish","4":"has-post-thumbnail","6":"product_cat-alassio","8":"first","9":"instock","10":"purchasable","11":"product-type-simple"},"_links":{"self":[{"href":"https:\/\/www.juescha.de\/de_de\/wp-json\/wp\/v2\/product\/27467","targetHints":{"allow":["GET"]}}],"collection":[{"href":"https:\/\/www.juescha.de\/de_de\/wp-json\/wp\/v2\/product"}],"about":[{"href":"https:\/\/www.juescha.de\/de_de\/wp-json\/wp\/v2\/types\/product"}],"version-history":[{"count":0,"href":"https:\/\/www.juescha.de\/de_de\/wp-json\/wp\/v2\/product\/27467\/revisions"}],"wp:featuredmedia":[{"embeddable":true,"href":"https:\/\/www.juescha.de\/de_de\/wp-json\/wp\/v2\/media\/7301"}],"wp:attachment":[{"href":"https:\/\/www.juescha.de\/de_de\/wp-json\/wp\/v2\/media?parent=27467"}],"wp:term":[{"taxonomy":"product_brand","embeddable":true,"href":"https:\/\/www.juescha.de\/de_de\/wp-json\/wp\/v2\/product_brand?post=27467"},{"taxonomy":"product_cat","embeddable":true,"href":"https:\/\/www.juescha.de\/de_de\/wp-json\/wp\/v2\/product_cat?post=27467"},{"taxonomy":"product_tag","embeddable":true,"href":"https:\/\/www.juescha.de\/de_de\/wp-json\/wp\/v2\/product_tag?post=27467"}],"curies":[{"name":"wp","href":"https:\/\/api.w.org\/{rel}","templated":true}]}}