{"id":27466,"date":"2025-04-28T19:52:44","date_gmt":"2025-04-28T17:52:44","guid":{"rendered":"https:\/\/www.juescha.de\/shop\/unkategorisiert\/pilotenkoffer-silvana\/"},"modified":"2026-01-21T08:48:31","modified_gmt":"2026-01-21T07:48:31","slug":"pilotenkoffer-silvana","status":"publish","type":"product","link":"https:\/\/www.juescha.de\/de_de\/shop\/alassio\/pilotenkoffer-silvana\/","title":{"rendered":"Pilotenkoffer SILVANA"},"content":{"rendered":"<h1>Pilotenkoffer SILVANA <\/h1>\n<p>Arretierbares Trolleysystem, eine Seitentasche, abschlie\u00dfbare Vortasche, zwei Kombinationsschl\u00f6sser. Innen: Ger\u00e4umiges Hauptfach, Laptopfach, drei Schreibger\u00e4teschlaufen und Rei\u00dfverschlusstasche im Deckel.<br \/>\nDer Pilotenkoffer Silvana in Schwarz von Alassio ist ein hochwertiger Koffer, der sich ideal f\u00fcr Gesch\u00e4ftsreisen und den professionellen Einsatz eignet. Der Koffer ist aus strapazierf\u00e4higem und langlebigem Kunstleder gefertigt und besticht durch sein elegantes Design.<br \/>\nDer Pilotenkoffer hat ein klassisches, rechteckiges Format mit abgerundeten Kanten und ist mit silberfarbenen Metallbeschl\u00e4gen versehen, die dem Koffer eine edle Optik verleihen. Er verf\u00fcgt \u00fcber einen stabilen Tragegriff an der Oberseite.<br \/>\nDer Koffer wird mit zwei abschlie\u00dfbaren Schnappverschl\u00fcssen sicher verschlossen, um den Inhalt vor unbefugtem Zugriff zu sch\u00fctzen. Im Inneren des Koffers befindet sich ein ger\u00e4umiges Hauptfach, das gen\u00fcgend Platz f\u00fcr Dokumente, Akten und pers\u00f6nliche Gegenst\u00e4nde bietet. Es ist mit einem praktischen Organizer ausgestattet, der verschiedene F\u00e4cher und Taschen f\u00fcr Stifte, Visitenkarten, Mobiltelefone und andere Utensilien bietet, um eine optimale Organisation zu gew\u00e4hrleisten.<br \/>\nDer Pilotenkoffer Silvana von Alassio ist mit hochwertigem schwarzen Stoff ausgekleidet, der den Inhalt vor Kratzern und Besch\u00e4digungen sch\u00fctzt. Zudem ist er mit einer Laptop-Tasche ausgestattet, die ein sicheres Verstauen von Laptops bis zu 17 Zoll erm\u00f6glicht.<\/p>\n","protected":false},"excerpt":{"rendered":"<ul>\n<li>Arretierbares Trolleysystem &#038; stabile Seitentasche<\/li>\n<li>Abschlie\u00dfbare Vortasche &#038; zwei Kombinationsschl\u00f6sser<\/li>\n<li>Ger\u00e4umiges Hauptfach mit Laptopfach (bis 17 Zoll)<\/li>\n<li>Organizer mit Stifteschlaufen &#038; Rei\u00dfverschlusstasche im Deckel<\/li>\n<\/ul>\n","protected":false},"featured_media":7301,"template":"","meta":{"inline_featured_image":false},"product_brand":[],"product_cat":[1651],"product_tag":[],"class_list":{"0":"post-27466","1":"product","2":"type-product","3":"status-publish","4":"has-post-thumbnail","6":"product_cat-alassio","8":"first","9":"instock","10":"purchasable","11":"product-type-simple"},"_links":{"self":[{"href":"https:\/\/www.juescha.de\/de_de\/wp-json\/wp\/v2\/product\/27466","targetHints":{"allow":["GET"]}}],"collection":[{"href":"https:\/\/www.juescha.de\/de_de\/wp-json\/wp\/v2\/product"}],"about":[{"href":"https:\/\/www.juescha.de\/de_de\/wp-json\/wp\/v2\/types\/product"}],"version-history":[{"count":0,"href":"https:\/\/www.juescha.de\/de_de\/wp-json\/wp\/v2\/product\/27466\/revisions"}],"wp:featuredmedia":[{"embeddable":true,"href":"https:\/\/www.juescha.de\/de_de\/wp-json\/wp\/v2\/media\/7301"}],"wp:attachment":[{"href":"https:\/\/www.juescha.de\/de_de\/wp-json\/wp\/v2\/media?parent=27466"}],"wp:term":[{"taxonomy":"product_brand","embeddable":true,"href":"https:\/\/www.juescha.de\/de_de\/wp-json\/wp\/v2\/product_brand?post=27466"},{"taxonomy":"product_cat","embeddable":true,"href":"https:\/\/www.juescha.de\/de_de\/wp-json\/wp\/v2\/product_cat?post=27466"},{"taxonomy":"product_tag","embeddable":true,"href":"https:\/\/www.juescha.de\/de_de\/wp-json\/wp\/v2\/product_tag?post=27466"}],"curies":[{"name":"wp","href":"https:\/\/api.w.org\/{rel}","templated":true}]}}