{"id":27463,"date":"2025-04-28T19:52:43","date_gmt":"2025-04-28T17:52:43","guid":{"rendered":"https:\/\/www.juescha.de\/shop\/unkategorisiert\/aktenkoffer-parma\/"},"modified":"2026-01-21T08:48:59","modified_gmt":"2026-01-21T07:48:59","slug":"aktenkoffer-parma","status":"publish","type":"product","link":"https:\/\/www.juescha.de\/de_de\/shop\/alassio\/aktenkoffer-parma\/","title":{"rendered":"Aktenkoffer PARMA"},"content":{"rendered":"<h1>Aktenkoffer PARMA <\/h1>\n<p>Arretierbares Trolleysystem, zwei seitliche Schwerlastgriffe, zwei Zahlenkombinationsschl\u00f6sser, Dokumentenvorfach. Innen: Ein ger\u00e4umiges, gepolstertes Hauptfach f\u00fcr sieben A4 Ordner, verst\u00e4rkter Alurahmen<br \/>\nDer Aktenkoffer Parma in schwarz von Alassio ist ein eleganter und hochwertiger Aktentaschenkoffer, der sowohl im professionellen Umfeld als auch im privaten Bereich Verwendung findet. Der Koffer ist aus strapazierf\u00e4higem Lederimitat gefertigt und verf\u00fcgt \u00fcber eine klassische und zeitlose Optik, die einen Hauch von Luxus vermittelt.<br \/>\nDer Aktenkoffer ist in einem tiefen Schwarz gehalten, das ihm ein edles und anspruchsvolles Aussehen verleiht.<br \/>\nDer Parma Aktenkoffer verf\u00fcgt \u00fcber ein gro\u00dfes Hauptfach, das ausreichend Platz f\u00fcr Dokumente, Aktenordner, Laptops oder Tablets bietet.<br \/>\nDer Koffer wird mit zwei Zahlenkombinationsschl\u00f6ssern geliefert, das die Sicherheit Ihrer vertraulichen Dokumente gew\u00e4hrleistet. Der Tragegriff erm\u00f6glicht einen bequemen Transport, auch bei l\u00e4ngeren Wegen.<br \/>\nDer Aktenkoffer Parma von Alassio ist ein stilvolles Accessoire f\u00fcr Gesch\u00e4ftsleute, Anw\u00e4lte, Manager oder alle, die einen zuverl\u00e4ssigen und ansprechenden Koffer f\u00fcr ihre gesch\u00e4ftlichen Aktivit\u00e4ten ben\u00f6tigen. Mit seinem hochwertigen Material, seiner durchdachten Innenausstattung und seinem ansprechenden Design ist er ein praktisches und zugleich elegantes Arbeitswerkzeug f\u00fcr den modernen Profi.<\/p>\n","protected":false},"excerpt":{"rendered":"<ul>\n<li>Arretierbares Trolleysystem &#038; zwei Schwerlastgriffe<\/li>\n<li>Zwei Zahlenschl\u00f6sser &#038; Dokumentenvorfach<\/li>\n<li>Gepolstertes Hauptfach f\u00fcr bis zu 7 A4-Ordner<\/li>\n<li>Strapazierf\u00e4higes Lederimitat mit Alurahmen<\/li>\n<\/ul>\n","protected":false},"featured_media":7292,"template":"","meta":{"inline_featured_image":false},"product_brand":[],"product_cat":[1651],"product_tag":[],"class_list":{"0":"post-27463","1":"product","2":"type-product","3":"status-publish","4":"has-post-thumbnail","6":"product_cat-alassio","8":"first","9":"instock","10":"purchasable","11":"product-type-simple"},"_links":{"self":[{"href":"https:\/\/www.juescha.de\/de_de\/wp-json\/wp\/v2\/product\/27463","targetHints":{"allow":["GET"]}}],"collection":[{"href":"https:\/\/www.juescha.de\/de_de\/wp-json\/wp\/v2\/product"}],"about":[{"href":"https:\/\/www.juescha.de\/de_de\/wp-json\/wp\/v2\/types\/product"}],"version-history":[{"count":0,"href":"https:\/\/www.juescha.de\/de_de\/wp-json\/wp\/v2\/product\/27463\/revisions"}],"wp:featuredmedia":[{"embeddable":true,"href":"https:\/\/www.juescha.de\/de_de\/wp-json\/wp\/v2\/media\/7292"}],"wp:attachment":[{"href":"https:\/\/www.juescha.de\/de_de\/wp-json\/wp\/v2\/media?parent=27463"}],"wp:term":[{"taxonomy":"product_brand","embeddable":true,"href":"https:\/\/www.juescha.de\/de_de\/wp-json\/wp\/v2\/product_brand?post=27463"},{"taxonomy":"product_cat","embeddable":true,"href":"https:\/\/www.juescha.de\/de_de\/wp-json\/wp\/v2\/product_cat?post=27463"},{"taxonomy":"product_tag","embeddable":true,"href":"https:\/\/www.juescha.de\/de_de\/wp-json\/wp\/v2\/product_tag?post=27463"}],"curies":[{"name":"wp","href":"https:\/\/api.w.org\/{rel}","templated":true}]}}