{"id":27462,"date":"2025-04-28T19:52:43","date_gmt":"2025-04-28T17:52:43","guid":{"rendered":"https:\/\/www.juescha.de\/shop\/unkategorisiert\/aktenkoffer-perugia\/"},"modified":"2026-01-21T08:48:59","modified_gmt":"2026-01-21T07:48:59","slug":"aktenkoffer-perugia","status":"publish","type":"product","link":"https:\/\/www.juescha.de\/de_de\/shop\/alassio\/aktenkoffer-perugia\/","title":{"rendered":"Aktenkoffer PERUGIA"},"content":{"rendered":"<h1>Aktenkoffer PERUGIA <\/h1>\n<p>Arretierbares Trolleysystem, zwei seitliche Schwerlastgriffe, zwei Zahlenkombinationsschl\u00f6sser, Dokumentenvorfach. Innen: Ein ger\u00e4umiges, gepolstertes Hauptfach f\u00fcr f\u00fcnf A4 Ordner, verst\u00e4rkter Alurahmen<br \/>\nDer Aktenkoffer Perugia von Alassio ist ein stilvoller und hochwertiger Koffer, der speziell f\u00fcr den gesch\u00e4ftlichen Einsatz entwickelt wurde. Er besticht durch seine exzellente Verarbeitung und sein ansprechendes Design. Der Koffer ist in der Farbe Schwarz erh\u00e4ltlich und verf\u00fcgt \u00fcber eine klassische, rechteckige Form.<br \/>\nDer Perugia Aktenkoffer bietet ausreichend Platz, um wichtige Dokumente, Unterlagen, Laptops, Tablets und andere gesch\u00e4ftliche Utensilien sicher und geordnet zu transportieren. Er verf\u00fcgt \u00fcber ein gro\u00dfes Hauptfach, der die Inhalte sicher sch\u00fctzt.<br \/>\nDer Perugia Aktenkoffer von Alassio zeichnet sich durch seine hochwertige Qualit\u00e4t aus.<br \/>\nEr ist ideal f\u00fcr Gesch\u00e4ftsleute, die einen stilvollen und funktionalen Koffer suchen, um ihre Unterlagen und elektronischen Ger\u00e4te sicher zu transportieren.<\/p>\n","protected":false},"excerpt":{"rendered":"<ul>\n<li>Arretierbares Trolleysystem &#038; zwei Schwerlastgriffe<\/li>\n<li>Zwei Zahlenschl\u00f6sser &#038; Dokumentenvorfach<\/li>\n<li>Gepolstertes Hauptfach f\u00fcr bis zu 5 A4-Ordner<\/li>\n<li>Verst\u00e4rkter Alurahmen in klassischem Schwarz<\/li>\n<\/ul>\n","protected":false},"featured_media":7289,"template":"","meta":{"inline_featured_image":false},"product_brand":[],"product_cat":[1651],"product_tag":[],"class_list":{"0":"post-27462","1":"product","2":"type-product","3":"status-publish","4":"has-post-thumbnail","6":"product_cat-alassio","8":"first","9":"instock","10":"purchasable","11":"product-type-simple"},"_links":{"self":[{"href":"https:\/\/www.juescha.de\/de_de\/wp-json\/wp\/v2\/product\/27462","targetHints":{"allow":["GET"]}}],"collection":[{"href":"https:\/\/www.juescha.de\/de_de\/wp-json\/wp\/v2\/product"}],"about":[{"href":"https:\/\/www.juescha.de\/de_de\/wp-json\/wp\/v2\/types\/product"}],"version-history":[{"count":0,"href":"https:\/\/www.juescha.de\/de_de\/wp-json\/wp\/v2\/product\/27462\/revisions"}],"wp:featuredmedia":[{"embeddable":true,"href":"https:\/\/www.juescha.de\/de_de\/wp-json\/wp\/v2\/media\/7289"}],"wp:attachment":[{"href":"https:\/\/www.juescha.de\/de_de\/wp-json\/wp\/v2\/media?parent=27462"}],"wp:term":[{"taxonomy":"product_brand","embeddable":true,"href":"https:\/\/www.juescha.de\/de_de\/wp-json\/wp\/v2\/product_brand?post=27462"},{"taxonomy":"product_cat","embeddable":true,"href":"https:\/\/www.juescha.de\/de_de\/wp-json\/wp\/v2\/product_cat?post=27462"},{"taxonomy":"product_tag","embeddable":true,"href":"https:\/\/www.juescha.de\/de_de\/wp-json\/wp\/v2\/product_tag?post=27462"}],"curies":[{"name":"wp","href":"https:\/\/api.w.org\/{rel}","templated":true}]}}