{"id":27458,"date":"2025-04-28T19:52:42","date_gmt":"2025-04-28T17:52:42","guid":{"rendered":"https:\/\/www.juescha.de\/shop\/unkategorisiert\/3er-reisetrolleyset-schwarz-rabs\/"},"modified":"2026-01-21T08:48:51","modified_gmt":"2026-01-21T07:48:51","slug":"3er-reisetrolleyset-schwarz-rabs","status":"publish","type":"product","link":"https:\/\/www.juescha.de\/de_de\/shop\/jsa\/3er-reisetrolleyset-schwarz-rabs\/","title":{"rendered":"3er Reisetrolleyset schwarz, RABS"},"content":{"rendered":"<h1>3er Reisetrolleyset schwarz, RABS<\/h1>\n<p>Halterung im Griff sowie ein zus\u00e4tzliches Rei\u00dfverschlussfach im R\u00fccken.<\/p>\n","protected":false},"excerpt":{"rendered":"<ul>\n<li>Alle Koffer inkl. TSA Zahlenkombinationsschloss<\/li>\n<li>Arretierbares Teleskoptrolleysystem<\/li>\n<li>Tragegriff<\/li>\n<li>Dehnfalte (L+M)<\/li>\n<\/ul>\n","protected":false},"featured_media":18011,"template":"","meta":{"inline_featured_image":false},"product_brand":[],"product_cat":[1650],"product_tag":[],"class_list":{"0":"post-27458","1":"product","2":"type-product","3":"status-publish","4":"has-post-thumbnail","6":"product_cat-jsa","8":"first","9":"instock","10":"purchasable","11":"product-type-simple"},"_links":{"self":[{"href":"https:\/\/www.juescha.de\/de_de\/wp-json\/wp\/v2\/product\/27458","targetHints":{"allow":["GET"]}}],"collection":[{"href":"https:\/\/www.juescha.de\/de_de\/wp-json\/wp\/v2\/product"}],"about":[{"href":"https:\/\/www.juescha.de\/de_de\/wp-json\/wp\/v2\/types\/product"}],"version-history":[{"count":0,"href":"https:\/\/www.juescha.de\/de_de\/wp-json\/wp\/v2\/product\/27458\/revisions"}],"wp:featuredmedia":[{"embeddable":true,"href":"https:\/\/www.juescha.de\/de_de\/wp-json\/wp\/v2\/media\/18011"}],"wp:attachment":[{"href":"https:\/\/www.juescha.de\/de_de\/wp-json\/wp\/v2\/media?parent=27458"}],"wp:term":[{"taxonomy":"product_brand","embeddable":true,"href":"https:\/\/www.juescha.de\/de_de\/wp-json\/wp\/v2\/product_brand?post=27458"},{"taxonomy":"product_cat","embeddable":true,"href":"https:\/\/www.juescha.de\/de_de\/wp-json\/wp\/v2\/product_cat?post=27458"},{"taxonomy":"product_tag","embeddable":true,"href":"https:\/\/www.juescha.de\/de_de\/wp-json\/wp\/v2\/product_tag?post=27458"}],"curies":[{"name":"wp","href":"https:\/\/api.w.org\/{rel}","templated":true}]}}