{"id":27457,"date":"2025-04-28T19:52:42","date_gmt":"2025-04-28T17:52:42","guid":{"rendered":"https:\/\/www.juescha.de\/shop\/unkategorisiert\/kofferanhaenger-3\/"},"modified":"2026-01-21T08:49:00","modified_gmt":"2026-01-21T07:49:00","slug":"kofferanhaenger-3","status":"publish","type":"product","link":"https:\/\/www.juescha.de\/de_de\/shop\/jsa\/kofferanhaenger-3\/","title":{"rendered":"Kofferanh\u00e4nger"},"content":{"rendered":"<h1>Kofferanh\u00e4nger <\/h1>\n<p>mit verdecktem Adressfeld.<br \/>\nDer Kofferanh\u00e4nger in Schwarz von JSA ist ein stilvolles und praktisches Reisezubeh\u00f6r. Er ist aus hochwertigem Material gefertigt und zeichnet sich durch seine hohe Qualit\u00e4t und Langlebigkeit aus.<br \/>\nDer Kofferanh\u00e4nger ist in einem klassischen Schwarz gehalten, was ihm ein elegantes und zeitloses Aussehen verleiht. Er ist rechteckig geformt und hat die perfekte Gr\u00f6\u00dfe, um an den Griff eines Koffers oder einer Reisetasche angebracht zu werden. Mit seinen Ma\u00dfen von ca. 11,5 cm x 6,5 cm bietet er ausreichend Platz f\u00fcr alle wichtigen Informationen, die f\u00fcr die Identifizierung des Gep\u00e4cks erforderlich sind.<br \/>\nDer Anh\u00e4nger verf\u00fcgt \u00fcber eine robuste Metall\u00f6se, an der eine stabile Befestigungsschnur oder ein Band befestigt werden kann, um ihn sicher am Koffergriff zu befestigen.<br \/>\nEin besonderes Merkmal des Kofferanh\u00e4ngers von JSA ist sein integriertes Datenschutzfenster. Dieses Fenster erm\u00f6glicht es dem Benutzer, seine pers\u00f6nlichen Informationen, wie Name, Adresse und Telefonnummer, einzutragen, ohne dass sie von au\u00dfen sichtbar sind. Dies bietet einen zus\u00e4tzlichen Schutz vor Identit\u00e4tsdiebstahl und gew\u00e4hrleistet die Privatsph\u00e4re des Reisenden.<br \/>\nDer Kofferanh\u00e4nger von JSA ist nicht nur funktional, sondern auch optisch ansprechend.<\/p>\n","protected":false},"excerpt":{"rendered":"<ul>\n<li>Rechteckiger Anh\u00e4nger aus hochwertigem Material<\/li>\n<li>Klassisches schwarzes Design mit ca. 11,5 \u00d7 6,5 cm<\/li>\n<li>Verdecktes Adressfeld f\u00fcr mehr Datenschutz<\/li>\n<li>Metall\u00f6se zur sicheren Befestigung am Koffer<\/li>\n<\/ul>\n","protected":false},"featured_media":7281,"template":"","meta":{"inline_featured_image":false},"product_brand":[],"product_cat":[1650],"product_tag":[],"class_list":{"0":"post-27457","1":"product","2":"type-product","3":"status-publish","4":"has-post-thumbnail","6":"product_cat-jsa","8":"first","9":"instock","10":"purchasable","11":"product-type-simple"},"_links":{"self":[{"href":"https:\/\/www.juescha.de\/de_de\/wp-json\/wp\/v2\/product\/27457","targetHints":{"allow":["GET"]}}],"collection":[{"href":"https:\/\/www.juescha.de\/de_de\/wp-json\/wp\/v2\/product"}],"about":[{"href":"https:\/\/www.juescha.de\/de_de\/wp-json\/wp\/v2\/types\/product"}],"version-history":[{"count":0,"href":"https:\/\/www.juescha.de\/de_de\/wp-json\/wp\/v2\/product\/27457\/revisions"}],"wp:featuredmedia":[{"embeddable":true,"href":"https:\/\/www.juescha.de\/de_de\/wp-json\/wp\/v2\/media\/7281"}],"wp:attachment":[{"href":"https:\/\/www.juescha.de\/de_de\/wp-json\/wp\/v2\/media?parent=27457"}],"wp:term":[{"taxonomy":"product_brand","embeddable":true,"href":"https:\/\/www.juescha.de\/de_de\/wp-json\/wp\/v2\/product_brand?post=27457"},{"taxonomy":"product_cat","embeddable":true,"href":"https:\/\/www.juescha.de\/de_de\/wp-json\/wp\/v2\/product_cat?post=27457"},{"taxonomy":"product_tag","embeddable":true,"href":"https:\/\/www.juescha.de\/de_de\/wp-json\/wp\/v2\/product_tag?post=27457"}],"curies":[{"name":"wp","href":"https:\/\/api.w.org\/{rel}","templated":true}]}}