{"id":27448,"date":"2025-04-28T19:52:40","date_gmt":"2025-04-28T17:52:40","guid":{"rendered":"https:\/\/www.juescha.de\/shop\/unkategorisiert\/multifunktions-koffer-stratos-v\/"},"modified":"2026-01-21T08:48:56","modified_gmt":"2026-01-21T07:48:56","slug":"multifunktions-koffer-stratos-v","status":"publish","type":"product","link":"https:\/\/www.juescha.de\/de_de\/shop\/alumaxx\/multifunktions-koffer-stratos-v\/","title":{"rendered":"Multifunktions-Koffer STRATOS V"},"content":{"rendered":"<p>Der Multifunktions-Koffer 45139 STRATOS  von Alumaxx wurde entwickelt, um technische sowie zerbrechliche Produkte sicher aufzubewahren und zu transportieren. Dieser vielseitige und robuste Koffer eignet sich hervorragend als Aktenkoffer, Pilotenkoffer oder Beauty Case und ist sowohl f\u00fcr gesch\u00e4ftliche als auch pers\u00f6nliche Anwendungen geeignet.<\/p>\n<p>Hergestellt aus hochwertigem Aluminium bietet der Koffer Langlebigkeit und Stabilit\u00e4t. Sein eleganter silberner Farbton verleiht ihm eine professionelle und moderne Optik. Die kratzfeste und wasserabweisende Oberfl\u00e4che macht den Koffer strapazierf\u00e4hig und f\u00fcr den t\u00e4glichen Gebrauch geeignet.<\/p>\n<p>Der Stratos Koffer ist mit einem bequemen Tragegriff an der Oberseite ausgestattet, der das Tragen erleichtert. Zwei abschlie\u00dfbare Schl\u00f6sser sorgen f\u00fcr die Sicherheit Ihrer pers\u00f6nlichen Gegenst\u00e4nde.<\/p>\n<p>Das gut organisierte Innere des Koffers bietet ausreichend Stauraum. Der Koffer Stratos  ist die ideale Wahl f\u00fcr Gesch\u00e4ftsleute, Reisende oder alle, die einen stilvollen und funktionalen Koffer f\u00fcr ihre pers\u00f6nlichen oder gesch\u00e4ftlichen Bed\u00fcrfnisse suchen.<\/p>\n","protected":false},"excerpt":{"rendered":"<ul>\n<li>Robustes Aluminiumgeh\u00e4use mit silberner Oberfl\u00e4che<\/li>\n<li>Kratzfest, wasserabweisend &#038; alltagstauglich<\/li>\n<li>Zwei abschlie\u00dfbare Schl\u00f6sser<\/li>\n<li>Tragegriff &#038; vielseitig nutzbarer Innenraum<\/li>\n<\/ul>\n","protected":false},"featured_media":7234,"template":"","meta":{"inline_featured_image":false},"product_brand":[],"product_cat":[1638],"product_tag":[],"class_list":{"0":"post-27448","1":"product","2":"type-product","3":"status-publish","4":"has-post-thumbnail","6":"product_cat-alumaxx","8":"first","9":"instock","10":"purchasable","11":"product-type-simple"},"_links":{"self":[{"href":"https:\/\/www.juescha.de\/de_de\/wp-json\/wp\/v2\/product\/27448","targetHints":{"allow":["GET"]}}],"collection":[{"href":"https:\/\/www.juescha.de\/de_de\/wp-json\/wp\/v2\/product"}],"about":[{"href":"https:\/\/www.juescha.de\/de_de\/wp-json\/wp\/v2\/types\/product"}],"version-history":[{"count":0,"href":"https:\/\/www.juescha.de\/de_de\/wp-json\/wp\/v2\/product\/27448\/revisions"}],"wp:featuredmedia":[{"embeddable":true,"href":"https:\/\/www.juescha.de\/de_de\/wp-json\/wp\/v2\/media\/7234"}],"wp:attachment":[{"href":"https:\/\/www.juescha.de\/de_de\/wp-json\/wp\/v2\/media?parent=27448"}],"wp:term":[{"taxonomy":"product_brand","embeddable":true,"href":"https:\/\/www.juescha.de\/de_de\/wp-json\/wp\/v2\/product_brand?post=27448"},{"taxonomy":"product_cat","embeddable":true,"href":"https:\/\/www.juescha.de\/de_de\/wp-json\/wp\/v2\/product_cat?post=27448"},{"taxonomy":"product_tag","embeddable":true,"href":"https:\/\/www.juescha.de\/de_de\/wp-json\/wp\/v2\/product_tag?post=27448"}],"curies":[{"name":"wp","href":"https:\/\/api.w.org\/{rel}","templated":true}]}}