{"id":27447,"date":"2025-04-28T19:52:40","date_gmt":"2025-04-28T17:52:40","guid":{"rendered":"https:\/\/www.juescha.de\/shop\/unkategorisiert\/multifunktions-koffer-stratos-iv\/"},"modified":"2026-01-21T08:48:56","modified_gmt":"2026-01-21T07:48:56","slug":"multifunktions-koffer-stratos-iv","status":"publish","type":"product","link":"https:\/\/www.juescha.de\/de_de\/shop\/alumaxx\/multifunktions-koffer-stratos-iv\/","title":{"rendered":"Multifunktions-Koffer STRATOS IV"},"content":{"rendered":"<p>Der Multifunktions-Koffer 45138 STRATOS IV von Alumaxx wurde entwickelt, um technische und zerbrechliche Produkte sicher aufzubewahren und zu transportieren. Dieser hochwertige Aluminiumkoffer zeichnet sich durch seine Funktionalit\u00e4t und Vielseitigkeit aus und pr\u00e4sentiert sich in einem modernen Silberdesign mit eleganter Optik.<\/p>\n<p>Der Koffer verf\u00fcgt \u00fcber einen stabilen Aluminiumrahmen mit verst\u00e4rkten Ecken, der eine hohe Sto\u00dffestigkeit und Langlebigkeit gew\u00e4hrleistet. Leicht und dennoch robust eignet er sich ideal f\u00fcr den Einsatz auf Reisen, im B\u00fcro oder f\u00fcr andere gesch\u00e4ftliche oder pers\u00f6nliche Zwecke.<\/p>\n<p>Mit zwei abschlie\u00dfbaren Schl\u00f6ssern bietet der Stratos Koffer zus\u00e4tzliche Sicherheit und sch\u00fctzt den Inhalt vor unbefugtem Zugriff. Ein komfortabler Tragegriff erm\u00f6glicht einen bequemen Transport des Koffers.<\/p>\n<p>Besonders hervorzuheben ist die Multifunktionalit\u00e4t des Stratos Koffers, der ein praktischer Begleiter f\u00fcr Gesch\u00e4ftsreisende, B\u00fcroangestellte und alle ist, die einen hochwertigen, funktionalen und vielseitigen Koffer suchen, um ihre wichtigen Gegenst\u00e4nde sicher und geordnet aufzubewahren und zu transportieren.<\/p>\n","protected":false},"excerpt":{"rendered":"<ul>\n<li>Stabiler Aluminiumrahmen mit verst\u00e4rkten Ecken<\/li>\n<li>Zwei abschlie\u00dfbare Schl\u00f6sser<\/li>\n<li>Leicht, robust &#038; vielseitig einsetzbar<\/li>\n<li>Bequemer Tragegriff f\u00fcr hohen Komfort<\/li>\n<\/ul>\n","protected":false},"featured_media":7234,"template":"","meta":{"inline_featured_image":false},"product_brand":[],"product_cat":[1638],"product_tag":[],"class_list":{"0":"post-27447","1":"product","2":"type-product","3":"status-publish","4":"has-post-thumbnail","6":"product_cat-alumaxx","8":"first","9":"instock","10":"purchasable","11":"product-type-simple"},"_links":{"self":[{"href":"https:\/\/www.juescha.de\/de_de\/wp-json\/wp\/v2\/product\/27447","targetHints":{"allow":["GET"]}}],"collection":[{"href":"https:\/\/www.juescha.de\/de_de\/wp-json\/wp\/v2\/product"}],"about":[{"href":"https:\/\/www.juescha.de\/de_de\/wp-json\/wp\/v2\/types\/product"}],"version-history":[{"count":0,"href":"https:\/\/www.juescha.de\/de_de\/wp-json\/wp\/v2\/product\/27447\/revisions"}],"wp:featuredmedia":[{"embeddable":true,"href":"https:\/\/www.juescha.de\/de_de\/wp-json\/wp\/v2\/media\/7234"}],"wp:attachment":[{"href":"https:\/\/www.juescha.de\/de_de\/wp-json\/wp\/v2\/media?parent=27447"}],"wp:term":[{"taxonomy":"product_brand","embeddable":true,"href":"https:\/\/www.juescha.de\/de_de\/wp-json\/wp\/v2\/product_brand?post=27447"},{"taxonomy":"product_cat","embeddable":true,"href":"https:\/\/www.juescha.de\/de_de\/wp-json\/wp\/v2\/product_cat?post=27447"},{"taxonomy":"product_tag","embeddable":true,"href":"https:\/\/www.juescha.de\/de_de\/wp-json\/wp\/v2\/product_tag?post=27447"}],"curies":[{"name":"wp","href":"https:\/\/api.w.org\/{rel}","templated":true}]}}