{"id":27442,"date":"2025-04-28T19:52:37","date_gmt":"2025-04-28T17:52:37","guid":{"rendered":"https:\/\/www.juescha.de\/shop\/unkategorisiert\/laptop-attachekoffer-kronos\/"},"modified":"2026-01-21T08:48:58","modified_gmt":"2026-01-21T07:48:58","slug":"laptop-attachekoffer-kronos","status":"publish","type":"product","link":"https:\/\/www.juescha.de\/de_de\/shop\/alumaxx\/laptop-attachekoffer-kronos\/","title":{"rendered":"Laptop-Attach\u00e9koffer KRONOS"},"content":{"rendered":"<p>Der Laptop-Attachekoffer Kronos 45131 in Silber von Alumaxx kombiniert stilvolles Design mit hoher Funktionalit\u00e4t. Das glatte Aluminium und die beiden Zahlenkombinationsschl\u00f6sser verleihen dem Koffer nicht nur ein modernes, sondern auch ein sicheres Erscheinungsbild.<\/p>\n<p>Im Inneren des Kronos Koffers sorgt die herausnehmbare Laptop-Polsterung f\u00fcr optimalen Schutz von Laptops mit einer Bildschirmdiagonale von bis zu 17 Zoll. Der Koffer bietet zudem eine abnehmbare Tasche, zwei Visitenkartenf\u00e4cher, drei Stiftschlaufen, ein Rei\u00dfverschlussfach und zwei A4 F\u00e4cher. Diese durchdachte Innenaufteilung erm\u00f6glicht eine organisierte Aufbewahrung von Dokumenten und pers\u00f6nlichen Utensilien.<\/p>\n<p>Das abschlie\u00dfbare Zweischl\u00f6ssersystem gew\u00e4hrleistet die Sicherheit von Laptop und Dokumenten, verhindert unbefugten Zugriff und erm\u00f6glicht einen sorgenfreien Transport. Der ergonomische Tragegriff und die vier stabilen Eckenschutzkappen sorgen f\u00fcr Komfort und Sto\u00dffestigkeit, um den Inhalt zuverl\u00e4ssig vor Besch\u00e4digungen zu sch\u00fctzen.<\/p>\n<p>Der Alumaxx Kronos Laptop-Attachekoffer in Silber ist nicht nur funktional, sondern auch optisch ansprechend. Mit seinem modernen Design und dem hochwertigen Aluminium-Finish ist er die ideale Wahl f\u00fcr Gesch\u00e4ftsleute, die unterwegs sind und ihren Laptop sowie wichtige Dokumente sicher und stilvoll transportieren m\u00f6chten.<\/p>\n","protected":false},"excerpt":{"rendered":"<ul>\n<li>Aluminiumgeh\u00e4use mit Zahlenschloss-System<\/li>\n<li>Gepolstertes Laptopfach bis 17 Zoll<\/li>\n<li>Organizer mit F\u00e4chern, Schlaufen &#038; Rei\u00dfverschluss<\/li>\n<li>Tragegriff &#038; Eckenschutzkappen<\/li>\n<\/ul>\n","protected":false},"featured_media":7227,"template":"","meta":{"inline_featured_image":false},"product_brand":[],"product_cat":[1638],"product_tag":[],"class_list":{"0":"post-27442","1":"product","2":"type-product","3":"status-publish","4":"has-post-thumbnail","6":"product_cat-alumaxx","8":"first","9":"instock","10":"purchasable","11":"product-type-simple"},"_links":{"self":[{"href":"https:\/\/www.juescha.de\/de_de\/wp-json\/wp\/v2\/product\/27442","targetHints":{"allow":["GET"]}}],"collection":[{"href":"https:\/\/www.juescha.de\/de_de\/wp-json\/wp\/v2\/product"}],"about":[{"href":"https:\/\/www.juescha.de\/de_de\/wp-json\/wp\/v2\/types\/product"}],"version-history":[{"count":0,"href":"https:\/\/www.juescha.de\/de_de\/wp-json\/wp\/v2\/product\/27442\/revisions"}],"wp:featuredmedia":[{"embeddable":true,"href":"https:\/\/www.juescha.de\/de_de\/wp-json\/wp\/v2\/media\/7227"}],"wp:attachment":[{"href":"https:\/\/www.juescha.de\/de_de\/wp-json\/wp\/v2\/media?parent=27442"}],"wp:term":[{"taxonomy":"product_brand","embeddable":true,"href":"https:\/\/www.juescha.de\/de_de\/wp-json\/wp\/v2\/product_brand?post=27442"},{"taxonomy":"product_cat","embeddable":true,"href":"https:\/\/www.juescha.de\/de_de\/wp-json\/wp\/v2\/product_cat?post=27442"},{"taxonomy":"product_tag","embeddable":true,"href":"https:\/\/www.juescha.de\/de_de\/wp-json\/wp\/v2\/product_tag?post=27442"}],"curies":[{"name":"wp","href":"https:\/\/api.w.org\/{rel}","templated":true}]}}