{"id":27438,"date":"2025-04-28T19:52:36","date_gmt":"2025-04-28T17:52:36","guid":{"rendered":"https:\/\/www.juescha.de\/shop\/unkategorisiert\/pilotenkoffer-betha\/"},"modified":"2026-01-21T08:48:58","modified_gmt":"2026-01-21T07:48:58","slug":"pilotenkoffer-betha","status":"publish","type":"product","link":"https:\/\/www.juescha.de\/de_de\/shop\/alumaxx\/pilotenkoffer-betha\/","title":{"rendered":"Pilotenkoffer BETHA"},"content":{"rendered":"<p>Der Pilotenkoffer &#8220;Betha&#8221; 45119 von Alumaxx ist ein hochwertiges und stilvolles Transportmittel, speziell entworfen f\u00fcr Piloten und Gesch\u00e4ftsleute, um ihre Dokumente, Laptops und andere wichtige Gegenst\u00e4nde sicher und organisiert zu transportieren. In einer ansprechenden silbernen Farbgebung erh\u00e4ltlich, pr\u00e4sentiert sich der Koffer in einem modernen und professionellen Design.<\/p>\n<p>Gefertigt aus robustem Aluminium, zeichnet sich der Koffer durch Leichtigkeit und dennoch hohe Strapazierf\u00e4higkeit aus. Verst\u00e4rkt mit robusten Eckenschutzleisten bietet er zus\u00e4tzlichen Schutz vor St\u00f6\u00dfen und Besch\u00e4digungen. Der ergonomische Tragegriff gew\u00e4hrleistet bequemes Tragen, w\u00e4hrend der abschlie\u00dfbare Schnappverschluss sicherstellt, dass der Koffer geschlossen bleibt.<\/p>\n<p>Der Pilotenkoffer &#8220;Betha&#8221; verf\u00fcgt \u00fcber ein gro\u00dfes Hauptfach, das ausreichend Platz f\u00fcr Aktenordner, Dokumente und andere wichtige Unterlagen bietet. Ein spezielles Laptopfach bietet Platz f\u00fcr Laptops mit einer Bildschirmgr\u00f6\u00dfe von bis zu 17 Zoll. Innere Stiftschlaufen, Kartenf\u00e4cher und ein Handyfach erm\u00f6glichen zus\u00e4tzliche Organisation und die geordnete Aufbewahrung wichtiger Gegenst\u00e4nde.<\/p>\n<p>Nicht nur funktional, sondern auch \u00e4sthetisch ansprechend durch sein modernes Design und die hochwertige Verarbeitung, erweist sich der Pilotenkoffer &#8220;Betha&#8221; von Alumaxx als ideale Wahl f\u00fcr Gesch\u00e4ftsleute, die viel unterwegs sind und einen zuverl\u00e4ssigen sowie stilvollen Koffer f\u00fcr ihre gesch\u00e4ftlichen Anforderungen suchen.<\/p>\n","protected":false},"excerpt":{"rendered":"<\/ul>\n<ul>\n<li>Robustes Aluminium mit Eckenschutzleisten<\/li>\n<li>Ger\u00e4umiges Hauptfach mit Laptopfach (bis 17 Zoll)<\/li>\n<li>Stifteschlaufen, Karten- &#038; Handyfach<\/li>\n<li>Abschlie\u00dfbarer Schnappverschluss &#038; Tragegriff<\/li>\n<\/ul>\n","protected":false},"featured_media":7215,"template":"","meta":{"inline_featured_image":false},"product_brand":[],"product_cat":[1638],"product_tag":[],"class_list":{"0":"post-27438","1":"product","2":"type-product","3":"status-publish","4":"has-post-thumbnail","6":"product_cat-alumaxx","8":"first","9":"instock","10":"purchasable","11":"product-type-simple"},"_links":{"self":[{"href":"https:\/\/www.juescha.de\/de_de\/wp-json\/wp\/v2\/product\/27438","targetHints":{"allow":["GET"]}}],"collection":[{"href":"https:\/\/www.juescha.de\/de_de\/wp-json\/wp\/v2\/product"}],"about":[{"href":"https:\/\/www.juescha.de\/de_de\/wp-json\/wp\/v2\/types\/product"}],"version-history":[{"count":0,"href":"https:\/\/www.juescha.de\/de_de\/wp-json\/wp\/v2\/product\/27438\/revisions"}],"wp:featuredmedia":[{"embeddable":true,"href":"https:\/\/www.juescha.de\/de_de\/wp-json\/wp\/v2\/media\/7215"}],"wp:attachment":[{"href":"https:\/\/www.juescha.de\/de_de\/wp-json\/wp\/v2\/media?parent=27438"}],"wp:term":[{"taxonomy":"product_brand","embeddable":true,"href":"https:\/\/www.juescha.de\/de_de\/wp-json\/wp\/v2\/product_brand?post=27438"},{"taxonomy":"product_cat","embeddable":true,"href":"https:\/\/www.juescha.de\/de_de\/wp-json\/wp\/v2\/product_cat?post=27438"},{"taxonomy":"product_tag","embeddable":true,"href":"https:\/\/www.juescha.de\/de_de\/wp-json\/wp\/v2\/product_tag?post=27438"}],"curies":[{"name":"wp","href":"https:\/\/api.w.org\/{rel}","templated":true}]}}