{"id":27436,"date":"2025-04-28T19:52:36","date_gmt":"2025-04-28T17:52:36","guid":{"rendered":"https:\/\/www.juescha.de\/shop\/unkategorisiert\/laptop-attachekoffer-c-1\/"},"modified":"2026-01-21T08:48:56","modified_gmt":"2026-01-21T07:48:56","slug":"laptop-attachekoffer-c-1","status":"publish","type":"product","link":"https:\/\/www.juescha.de\/de_de\/shop\/alumaxx\/laptop-attachekoffer-c-1\/","title":{"rendered":"Laptop Attach\u00e9koffer C-1"},"content":{"rendered":"<p>Der Laptop Attachekoffer C-1 in silber-carbon von Alumaxx ist eine stilvolle und funktionale L\u00f6sung, um Ihren Laptop sicher und bequem zu transportieren. Mit einem ansprechenden silbernen Carbon-Look verleiht dieser Attachekoffer Ihrem Erscheinungsbild unterwegs eine moderne und professionelle Note. Die robuste Konstruktion aus hochwertigem Aluminium ist langlebig und leicht, um einen einfachen Transport zu gew\u00e4hrleisten. Verst\u00e4rkte Kanten sorgen f\u00fcr zus\u00e4tzliche Stabilit\u00e4t und Langlebigkeit.<\/p>\n<p>Im Inneren des Koffers befindet sich eine Laptop-Tasche, die ausreichend Platz f\u00fcr Laptops mit einer Bildschirmdiagonale von bis zu 17 Zoll bietet. Eine herausnehmbare Polsterung sch\u00fctzt Ihren Laptop effektiv vor St\u00f6\u00dfen und Kratzern w\u00e4hrend des Transports.<\/p>\n<p>Die organisierte Aufbewahrung wird durch das herausnehmbare Organizerteil im Deckel gew\u00e4hrleistet. Dieses Teil umfasst zwei A4 F\u00e4cher, vier Stiftschlaufen, drei Visitenkartenf\u00e4cher und drei Klettverschlusstaschen. Dadurch k\u00f6nnen Sie Dokumente, Stifte und Visitenkarten \u00fcbersichtlich und leicht zug\u00e4nglich aufbewahren.<\/p>\n<p>F\u00fcr zus\u00e4tzliche Sicherheit und Tragekomfort ist der Koffer mit einem ergonomischen Tragegriff und zwei abschlie\u00dfbaren Zahlenschl\u00f6ssern ausgestattet. Der Laptop Attachekoffer C-1 eignet sich nicht nur f\u00fcr den Transport von Laptops, sondern auch f\u00fcr Tablets, Notebooks, Dokumente und andere wichtige Gegenst\u00e4nde. Er ist ideal f\u00fcr Gesch\u00e4ftsleute, die oft unterwegs sind und ihre wertvollen elektronischen Ger\u00e4te und Unterlagen gesch\u00fctzt halten m\u00f6chten.<\/p>\n","protected":false},"excerpt":{"rendered":"<ul>\n<li>Aluminiumgeh\u00e4use in silber-carbon mit verst\u00e4rkten Kanten<\/li>\n<li>Gepolsterte Laptop-Tasche bis 17 Zoll<\/li>\n<li>Deckel-Organizer mit A4-F\u00e4chern &#038; Stifteschlaufen<\/li>\n<li>Zwei abschlie\u00dfbare Zahlenschl\u00f6sser<\/li>\n<\/ul>\n","protected":false},"featured_media":7210,"template":"","meta":{"inline_featured_image":false},"product_brand":[],"product_cat":[1638],"product_tag":[],"class_list":{"0":"post-27436","1":"product","2":"type-product","3":"status-publish","4":"has-post-thumbnail","6":"product_cat-alumaxx","8":"first","9":"instock","10":"purchasable","11":"product-type-simple"},"_links":{"self":[{"href":"https:\/\/www.juescha.de\/de_de\/wp-json\/wp\/v2\/product\/27436","targetHints":{"allow":["GET"]}}],"collection":[{"href":"https:\/\/www.juescha.de\/de_de\/wp-json\/wp\/v2\/product"}],"about":[{"href":"https:\/\/www.juescha.de\/de_de\/wp-json\/wp\/v2\/types\/product"}],"version-history":[{"count":0,"href":"https:\/\/www.juescha.de\/de_de\/wp-json\/wp\/v2\/product\/27436\/revisions"}],"wp:featuredmedia":[{"embeddable":true,"href":"https:\/\/www.juescha.de\/de_de\/wp-json\/wp\/v2\/media\/7210"}],"wp:attachment":[{"href":"https:\/\/www.juescha.de\/de_de\/wp-json\/wp\/v2\/media?parent=27436"}],"wp:term":[{"taxonomy":"product_brand","embeddable":true,"href":"https:\/\/www.juescha.de\/de_de\/wp-json\/wp\/v2\/product_brand?post=27436"},{"taxonomy":"product_cat","embeddable":true,"href":"https:\/\/www.juescha.de\/de_de\/wp-json\/wp\/v2\/product_cat?post=27436"},{"taxonomy":"product_tag","embeddable":true,"href":"https:\/\/www.juescha.de\/de_de\/wp-json\/wp\/v2\/product_tag?post=27436"}],"curies":[{"name":"wp","href":"https:\/\/api.w.org\/{rel}","templated":true}]}}