{"id":27435,"date":"2025-04-28T19:52:35","date_gmt":"2025-04-28T17:52:35","guid":{"rendered":"https:\/\/www.juescha.de\/shop\/unkategorisiert\/pilotenkoffer-c-2\/"},"modified":"2026-01-21T08:48:58","modified_gmt":"2026-01-21T07:48:58","slug":"pilotenkoffer-c-2","status":"publish","type":"product","link":"https:\/\/www.juescha.de\/de_de\/shop\/alumaxx\/pilotenkoffer-c-2\/","title":{"rendered":"Pilotenkoffer C-2"},"content":{"rendered":"<p>Der Pilotenkoffer 45129 C-2 &#8220;CARBON&#8221; Look von Alumaxx pr\u00e4sentiert sich in einem ansprechenden silbernen Carbon-Design und \u00fcberzeugt durch sein integriertes Trolleysystem, verst\u00e4rkte Kanten, Heavy-Duty-Griff, Skaterrollen und zwei Zahlenkombinationsschl\u00f6sser.<\/p>\n<p>Dieser hochwertige Koffer wurde gezielt f\u00fcr den Businessalltag konzipiert. Hergestellt aus robustem Aluminium, besticht er durch eine moderne  Oberfl\u00e4che mit Carbon-Optik, die dem Koffer ein zeitgem\u00e4\u00dfes und professionelles Erscheinungsbild verleiht.<\/p>\n<p>Der Pilotenkoffer C-2 bietet gro\u00dfz\u00fcgigen Stauraum und vielf\u00e4ltige Organisationsm\u00f6glichkeiten f\u00fcr Dokumente, Laptops, Tablets und andere Reiseutensilien. Das ger\u00e4umige Hauptfach sorgt f\u00fcr Ordnung und erleichtert das Packen.<\/p>\n<p>Mit einem stufenlos verstellbaren Teleskopgriff passt sich der Koffer individuell den Bed\u00fcrfnissen des Benutzers an. Ein robuster Tragegriff an der Oberseite erm\u00f6glicht eine bequeme Handhabung, wenn der Teleskopgriff nicht in Gebrauch ist.<\/p>\n<p>Zwei Zahlenschl\u00f6sser gew\u00e4hrleisten die Sicherheit pers\u00f6nlicher Gegenst\u00e4nde, w\u00e4hrend die leichtlaufenden Rollen ein m\u00fcheloses Man\u00f6vrieren auf verschiedenen Oberfl\u00e4chen erm\u00f6glichen.<\/p>\n<p>Die hochwertige Verarbeitung und das moderne Design machen den Pilotenkoffer C-2 zu einem stilvollen und funktionalen Begleiter f\u00fcr Gesch\u00e4ftsreisen oder den t\u00e4glichen Einsatz im professionellen Umfeld.<\/p>\n","protected":false},"excerpt":{"rendered":"<ul>\n<li>Carbon-Optik mit Aluminiumgeh\u00e4use<\/li>\n<li>Integriertes Trolleysystem &#038; Skaterrollen<\/li>\n<li>Stufenlos verstellbarer Teleskopgriff<\/li>\n<li>Zwei Zahlenkombinationsschl\u00f6sser<\/li>\n<\/ul>\n","protected":false},"featured_media":7207,"template":"","meta":{"inline_featured_image":false},"product_brand":[],"product_cat":[1638],"product_tag":[],"class_list":{"0":"post-27435","1":"product","2":"type-product","3":"status-publish","4":"has-post-thumbnail","6":"product_cat-alumaxx","8":"first","9":"instock","10":"purchasable","11":"product-type-simple"},"_links":{"self":[{"href":"https:\/\/www.juescha.de\/de_de\/wp-json\/wp\/v2\/product\/27435","targetHints":{"allow":["GET"]}}],"collection":[{"href":"https:\/\/www.juescha.de\/de_de\/wp-json\/wp\/v2\/product"}],"about":[{"href":"https:\/\/www.juescha.de\/de_de\/wp-json\/wp\/v2\/types\/product"}],"version-history":[{"count":0,"href":"https:\/\/www.juescha.de\/de_de\/wp-json\/wp\/v2\/product\/27435\/revisions"}],"wp:featuredmedia":[{"embeddable":true,"href":"https:\/\/www.juescha.de\/de_de\/wp-json\/wp\/v2\/media\/7207"}],"wp:attachment":[{"href":"https:\/\/www.juescha.de\/de_de\/wp-json\/wp\/v2\/media?parent=27435"}],"wp:term":[{"taxonomy":"product_brand","embeddable":true,"href":"https:\/\/www.juescha.de\/de_de\/wp-json\/wp\/v2\/product_brand?post=27435"},{"taxonomy":"product_cat","embeddable":true,"href":"https:\/\/www.juescha.de\/de_de\/wp-json\/wp\/v2\/product_cat?post=27435"},{"taxonomy":"product_tag","embeddable":true,"href":"https:\/\/www.juescha.de\/de_de\/wp-json\/wp\/v2\/product_tag?post=27435"}],"curies":[{"name":"wp","href":"https:\/\/api.w.org\/{rel}","templated":true}]}}