{"id":27433,"date":"2025-04-28T19:52:35","date_gmt":"2025-04-28T17:52:35","guid":{"rendered":"https:\/\/www.juescha.de\/shop\/unkategorisiert\/multifunktions-koffer-challenger\/"},"modified":"2026-01-21T08:48:56","modified_gmt":"2026-01-21T07:48:56","slug":"multifunktions-koffer-challenger","status":"publish","type":"product","link":"https:\/\/www.juescha.de\/de_de\/shop\/alumaxx\/multifunktions-koffer-challenger\/","title":{"rendered":"Multifunktions-Koffer CHALLENGER"},"content":{"rendered":"<p>Der Multifunktions-Koffer Challenger von Alumaxx \u00fcberzeugt durch seine vielseitige Ausstattung, die speziell auf die Bed\u00fcrfnisse von Reisenden zugeschnitten ist. Mit zwei separaten F\u00e4chern bietet er optimale M\u00f6glichkeiten zur sicheren Aufbewahrung und Organisation empfindlicher Gegenst\u00e4nde. Das erste Fach verf\u00fcgt \u00fcber Innenma\u00dfe von etwa 35,5\u2006\u00d7\u200643,5\u2006\u00d7\u20065 cm, wobei die untere Einlage 4 cm stark und die obere etwa 3 cm stark ist. Ein herausnehmbares Organisationsfach f\u00fcr Schreibger\u00e4te und CDs sowie eine Dehnfaltentasche im Deckel erm\u00f6glichen eine zus\u00e4tzliche Ordnung. Das zweite Fach bietet Innenma\u00dfe von etwa 35,5\u2006\u00d7\u200643,5\u2006\u00d7\u20068,5 cm mit einer etwa 8 cm starken Einlage. In beiden F\u00e4chern ist die Einlage im Deckel fixiert, w\u00e4hrend die herausnehmbare untere Einlage vorperforiert ist, um eine passgenaue Anpassung f\u00fcr empfindliche Gegenst\u00e4nde zu erm\u00f6glichen. Beide F\u00e4cher werden mit je zwei Zahlenkombinationsschl\u00f6ssern sicher verschlossen.<\/p>\n<p>Das moderne und ansprechende Design des Koffers mit seiner silbernen Oberfl\u00e4che verleiht ihm ein elegantes Erscheinungsbild. Die Herstellung aus robustem Aluminium gew\u00e4hrleistet Langlebigkeit und Stabilit\u00e4t, w\u00e4hrend die stabilen Eckenschutzprofile vor Besch\u00e4digungen sch\u00fctzen und die Haltbarkeit erh\u00f6hen.<\/p>\n<p>Der Challenger eignet sich ideal f\u00fcr den sicheren Transport von empfindlichen Gegenst\u00e4nden wie Laptops, Tablets, Kameras, Werkzeugen, Dokumenten oder anderen wertvollen G\u00fctern. Die beiden Zahlenkombinationsschl\u00f6sser bieten dabei Schutz vor unbefugtem Zugriff. Praktische Funktionen wie der bequeme Tragegriff, der ausziehbare Teleskopgriff und die leichtl\u00e4ufigen Inlinerrollen erleichtern das Tragen und Ziehen des Koffers.<\/p>\n<p>Insgesamt zeichnet sich der Multifunktions-Koffer Challenger von Alumaxx durch sein modernes Design, seine Vielseitigkeit und hohe Qualit\u00e4t aus. Er bietet einen sicheren und geordneten Transport von empfindlichen Gegenst\u00e4nden und ist somit ein praktischer Begleiter f\u00fcr Gesch\u00e4ftsreisen oder andere Reisen.<\/p>\n","protected":false},"excerpt":{"rendered":"<ul>\n<li>Doppelte F\u00e4cher mit herausnehmbaren Einlagen<\/li>\n<li>Zahlenkombinationsschl\u00f6sser<\/li>\n<li>Aluminiumgeh\u00e4use mit Eckenschutz<\/li>\n<li>Teleskopgriff &#038; Inlinerrollen<\/li>\n<\/ul>\n","protected":false},"featured_media":7199,"template":"","meta":{"inline_featured_image":false},"product_brand":[],"product_cat":[1638],"product_tag":[],"class_list":{"0":"post-27433","1":"product","2":"type-product","3":"status-publish","4":"has-post-thumbnail","6":"product_cat-alumaxx","8":"first","9":"instock","10":"purchasable","11":"product-type-simple"},"_links":{"self":[{"href":"https:\/\/www.juescha.de\/de_de\/wp-json\/wp\/v2\/product\/27433","targetHints":{"allow":["GET"]}}],"collection":[{"href":"https:\/\/www.juescha.de\/de_de\/wp-json\/wp\/v2\/product"}],"about":[{"href":"https:\/\/www.juescha.de\/de_de\/wp-json\/wp\/v2\/types\/product"}],"version-history":[{"count":0,"href":"https:\/\/www.juescha.de\/de_de\/wp-json\/wp\/v2\/product\/27433\/revisions"}],"wp:featuredmedia":[{"embeddable":true,"href":"https:\/\/www.juescha.de\/de_de\/wp-json\/wp\/v2\/media\/7199"}],"wp:attachment":[{"href":"https:\/\/www.juescha.de\/de_de\/wp-json\/wp\/v2\/media?parent=27433"}],"wp:term":[{"taxonomy":"product_brand","embeddable":true,"href":"https:\/\/www.juescha.de\/de_de\/wp-json\/wp\/v2\/product_brand?post=27433"},{"taxonomy":"product_cat","embeddable":true,"href":"https:\/\/www.juescha.de\/de_de\/wp-json\/wp\/v2\/product_cat?post=27433"},{"taxonomy":"product_tag","embeddable":true,"href":"https:\/\/www.juescha.de\/de_de\/wp-json\/wp\/v2\/product_tag?post=27433"}],"curies":[{"name":"wp","href":"https:\/\/api.w.org\/{rel}","templated":true}]}}