{"id":27431,"date":"2025-04-28T19:52:35","date_gmt":"2025-04-28T17:52:35","guid":{"rendered":"https:\/\/www.juescha.de\/shop\/unkategorisiert\/reisetrolley-orbit\/"},"modified":"2026-01-21T08:48:55","modified_gmt":"2026-01-21T07:48:55","slug":"reisetrolley-orbit","status":"publish","type":"product","link":"https:\/\/www.juescha.de\/de_de\/shop\/alumaxx\/reisetrolley-orbit\/","title":{"rendered":"Reisetrolley ORBIT"},"content":{"rendered":"<p>Der Reisekoffer 45170  Orbit in Silber Matt von Alumaxx ist ein eleganter und robuster Koffer, der sich ideal f\u00fcr Gesch\u00e4fts- oder Urlaubsreisen eignet. Mit seinem modernen, silbernen matten Finish verleiht er jedem Reisenden einen edlen Look.<\/p>\n<p>Gefertigt aus hochwertigem Aluminium, zeichnet sich der Orbit-Koffer durch hohe Stabilit\u00e4t und Langlebigkeit aus. Leicht und dennoch widerstandsf\u00e4hig gegen St\u00f6\u00dfe und Kratzer, ist er ein zuverl\u00e4ssiger Begleiter f\u00fcr Reisen. Mit Abmessungen von ca. 55 x 40 x 20 cm entspricht er den meisten g\u00e4ngigen Handgep\u00e4ckbestimmungen f\u00fcr Flugreisen und eignet sich somit ideal als Boardgep\u00e4ck.<\/p>\n<p>Der Koffer ist mit einem arretierbaren Teleskoptrolleysystem ausgestattet, einem Tragegriff, einem TSA-Schloss und vier 360\u00b0 Leichtlauf-Doppelrollen. Das erm\u00f6glicht eine beidseitige Packm\u00f6glichkeit durch eine Packtrennwand und Packgurte im Inneren des Koffers. Netzf\u00e4cher mit Rei\u00dfverschluss bieten zus\u00e4tzliche Organisationsm\u00f6glichkeiten.<\/p>\n<p>Das Hauptfach ist ger\u00e4umig und verf\u00fcgt \u00fcber elastische Packgurte, um Kleidung und Gegenst\u00e4nde sicher zu verstauen und Verrutschen w\u00e4hrend des Transports zu verhindern. Ein zus\u00e4tzliches Rei\u00dfverschlussfach im Deckel bietet Platz f\u00fcr kleinere Gegenst\u00e4nde wie Dokumente, Kabel oder Toilettenartikel.<\/p>\n<p>Mit einem integrierten TSA-Schloss sorgt der Koffer f\u00fcr erh\u00f6hte Sicherheit des Gep\u00e4cks. Ein weiteres praktisches Feature ist der Tragegriff an der Oberseite, der das Heben und Tragen des Koffers erleichtert.<\/p>\n<p>Der Reisekoffer Orbit in Silber Matt von Alumaxx vereint stilvolles Design und Funktionalit\u00e4t, um Reisenden ein sicheres und komfortables Reiseerlebnis zu bieten. Sein robustes Aluminiumgeh\u00e4use, die praktischen Rollen und Griffe sowie das ger\u00e4umige Innendesign machen ihn zur ausgezeichneten Wahl f\u00fcr Reisende, die Qualit\u00e4t und Stil sch\u00e4tzen.<\/p>\n","protected":false},"excerpt":{"rendered":"<ul>\n<li>Arretierbares Teleskoptrolleysystem<\/li>\n<li>Tragegriff<\/li>\n<li>TSA Schloss<\/li>\n<li>360\u00b0 Leichtlauf-Doppelrollen<\/li>\n<\/ul>\n","protected":false},"featured_media":7191,"template":"","meta":{"inline_featured_image":false},"product_brand":[],"product_cat":[1638],"product_tag":[],"class_list":{"0":"post-27431","1":"product","2":"type-product","3":"status-publish","4":"has-post-thumbnail","6":"product_cat-alumaxx","8":"first","9":"instock","10":"purchasable","11":"product-type-simple"},"_links":{"self":[{"href":"https:\/\/www.juescha.de\/de_de\/wp-json\/wp\/v2\/product\/27431","targetHints":{"allow":["GET"]}}],"collection":[{"href":"https:\/\/www.juescha.de\/de_de\/wp-json\/wp\/v2\/product"}],"about":[{"href":"https:\/\/www.juescha.de\/de_de\/wp-json\/wp\/v2\/types\/product"}],"version-history":[{"count":0,"href":"https:\/\/www.juescha.de\/de_de\/wp-json\/wp\/v2\/product\/27431\/revisions"}],"wp:featuredmedia":[{"embeddable":true,"href":"https:\/\/www.juescha.de\/de_de\/wp-json\/wp\/v2\/media\/7191"}],"wp:attachment":[{"href":"https:\/\/www.juescha.de\/de_de\/wp-json\/wp\/v2\/media?parent=27431"}],"wp:term":[{"taxonomy":"product_brand","embeddable":true,"href":"https:\/\/www.juescha.de\/de_de\/wp-json\/wp\/v2\/product_brand?post=27431"},{"taxonomy":"product_cat","embeddable":true,"href":"https:\/\/www.juescha.de\/de_de\/wp-json\/wp\/v2\/product_cat?post=27431"},{"taxonomy":"product_tag","embeddable":true,"href":"https:\/\/www.juescha.de\/de_de\/wp-json\/wp\/v2\/product_tag?post=27431"}],"curies":[{"name":"wp","href":"https:\/\/api.w.org\/{rel}","templated":true}]}}