{"id":27426,"date":"2025-04-28T19:52:33","date_gmt":"2025-04-28T17:52:33","guid":{"rendered":"https:\/\/www.juescha.de\/shop\/unkategorisiert\/business-trolley-gemini-2\/"},"modified":"2026-01-21T08:48:55","modified_gmt":"2026-01-21T07:48:55","slug":"business-trolley-gemini-2","status":"publish","type":"product","link":"https:\/\/www.juescha.de\/de_de\/shop\/alumaxx\/business-trolley-gemini-2\/","title":{"rendered":"Business Trolley GEMINI"},"content":{"rendered":"<p>Der Business Trolley 45173 Gemini in Schwarz Matt von Alumaxx ist eine elegante und funktionale L\u00f6sung f\u00fcr Gesch\u00e4ftsreisende, die einen zuverl\u00e4ssigen und professionellen Koffer f\u00fcr ihre gesch\u00e4ftlichen Anforderungen suchen. Der Trolley besteht aus hochwertigem Aluminium, was ihm eine robuste und dennoch leichte Struktur verleiht.<\/p>\n<p>Mit seinem modernen und zeitlosen schwarzen matten Finish pr\u00e4sentiert sich der Business Trolley in einem stilvollen und professionellen Design. Das ger\u00e4umige Hauptfach bietet ausreichend Platz f\u00fcr Akten, Dokumente und andere wichtige Gegenst\u00e4nde. Verschlossen wir der Koffer mit zwei TSA Zahlenkombinationsschl\u00f6ssern.Dar\u00fcber hinaus l\u00e4sst sich der Koffer durch das Entfernen des mittleren F\u00e4cherfachs in einen Boardgep\u00e4ck-Reisekoffer verwandeln, was ihn zu einer idealen 2-in-1-L\u00f6sung f\u00fcr Gesch\u00e4ftsreisen und Freizeit macht.<\/p>\n<p>Besonders praktisch f\u00fcr Reisen ist die Ausstattung mit einem leichtg\u00e4ngigen Teleskopgriff und robusten Rollen, die ein einfaches Man\u00f6vrieren erm\u00f6glichen. Der Trolley ist zudem mit einem komfortablen Tragegriff an der Oberseite ausgestattet, was ein bequemes Tragen bei Bedarf erm\u00f6glicht.<\/p>\n<p>Der Alumaxx Business Trolley steht f\u00fcr hohe Qualit\u00e4t und Langlebigkeit. Er besteht aus strapazierf\u00e4higem Material und bietet zuverl\u00e4ssigen Schutz f\u00fcr wichtige Gesch\u00e4ftsunterlagen und elektronische Ger\u00e4te w\u00e4hrend der Reisen. Dar\u00fcber hinaus ist er abschlie\u00dfbar, um die Sicherheit pers\u00f6nlicher Gegenst\u00e4nde zu gew\u00e4hrleisten.<\/p>\n","protected":false},"excerpt":{"rendered":"<ul>\n<li>Teleskoptrolleysystem<\/li>\n<li>ergonomischer Tragegriff<\/li>\n<li>verst\u00e4rkte Kanten<\/li>\n<li>TSA Schloss<\/li>\n<\/ul>\n","protected":false},"featured_media":7177,"template":"","meta":{"inline_featured_image":false},"product_brand":[],"product_cat":[1638],"product_tag":[],"class_list":{"0":"post-27426","1":"product","2":"type-product","3":"status-publish","4":"has-post-thumbnail","6":"product_cat-alumaxx","8":"first","9":"instock","10":"purchasable","11":"product-type-simple"},"_links":{"self":[{"href":"https:\/\/www.juescha.de\/de_de\/wp-json\/wp\/v2\/product\/27426","targetHints":{"allow":["GET"]}}],"collection":[{"href":"https:\/\/www.juescha.de\/de_de\/wp-json\/wp\/v2\/product"}],"about":[{"href":"https:\/\/www.juescha.de\/de_de\/wp-json\/wp\/v2\/types\/product"}],"version-history":[{"count":0,"href":"https:\/\/www.juescha.de\/de_de\/wp-json\/wp\/v2\/product\/27426\/revisions"}],"wp:featuredmedia":[{"embeddable":true,"href":"https:\/\/www.juescha.de\/de_de\/wp-json\/wp\/v2\/media\/7177"}],"wp:attachment":[{"href":"https:\/\/www.juescha.de\/de_de\/wp-json\/wp\/v2\/media?parent=27426"}],"wp:term":[{"taxonomy":"product_brand","embeddable":true,"href":"https:\/\/www.juescha.de\/de_de\/wp-json\/wp\/v2\/product_brand?post=27426"},{"taxonomy":"product_cat","embeddable":true,"href":"https:\/\/www.juescha.de\/de_de\/wp-json\/wp\/v2\/product_cat?post=27426"},{"taxonomy":"product_tag","embeddable":true,"href":"https:\/\/www.juescha.de\/de_de\/wp-json\/wp\/v2\/product_tag?post=27426"}],"curies":[{"name":"wp","href":"https:\/\/api.w.org\/{rel}","templated":true}]}}