{"id":27425,"date":"2025-04-28T19:52:33","date_gmt":"2025-04-28T17:52:33","guid":{"rendered":"https:\/\/www.juescha.de\/shop\/unkategorisiert\/business-trolley-gemini\/"},"modified":"2026-01-21T08:48:55","modified_gmt":"2026-01-21T07:48:55","slug":"business-trolley-gemini","status":"publish","type":"product","link":"https:\/\/www.juescha.de\/de_de\/shop\/alumaxx\/business-trolley-gemini\/","title":{"rendered":"Business Trolley Gemini"},"content":{"rendered":"<p>Der Business Trolley 45172 Gemini in Silber von Alumaxx stellt eine elegante und funktionale L\u00f6sung f\u00fcr anspruchsvolle Gesch\u00e4ftsreisende dar, die einen zuverl\u00e4ssigen und professionellen Koffer f\u00fcr ihre gesch\u00e4ftlichen Anforderungen suchen. Hergestellt aus hochwertigem Aluminium zeichnet sich der Trolley durch eine robuste und dennoch leichte Struktur aus.<\/p>\n<p>Das moderne und zeitlose Design in Silber verleiht dem Business Trolley ein stilvolles und professionelles Erscheinungsbild. Das ger\u00e4umige Hauptfach bietet ausreichend Platz f\u00fcr Akten, Dokumente und andere wichtige Gegenst\u00e4nde. Der Koffer wird mit zwei TSA-Zahlenkombinationsschl\u00f6ssern sicher verschlossen. Zus\u00e4tzlich erm\u00f6glicht das Entfernen des mittleren F\u00e4cherfachs die Umwandlung des Koffers in einen Boardgep\u00e4ck-Reisekoffer, was ihn zu einer idealen 2-in-1-L\u00f6sung f\u00fcr Gesch\u00e4ftsreisen und Freizeitaktivit\u00e4ten macht.<\/p>\n<p>Die Ausstattung mit einem leichtg\u00e4ngigen Teleskopgriff und robusten Rollen erm\u00f6glicht ein einfaches Man\u00f6vrieren, w\u00e4hrend der komfortable Tragegriff an der Oberseite flexibles Tragen bei Bedarf erm\u00f6glicht. Der Alumaxx Business Trolley steht f\u00fcr h\u00f6chste Qualit\u00e4t und Langlebigkeit. Aus strapazierf\u00e4higem Material gefertigt, bietet er zuverl\u00e4ssigen Schutz f\u00fcr wichtige Gesch\u00e4ftsunterlagen und elektronische Ger\u00e4te w\u00e4hrend der Reisen. Dar\u00fcber hinaus ist er abschlie\u00dfbar, um die Sicherheit pers\u00f6nlicher Gegenst\u00e4nde zu gew\u00e4hrleisten.<\/p>\n","protected":false},"excerpt":{"rendered":"<ul>\n<li>Teleskoptrolleysystem<\/li>\n<li>ergonomischer Tragegriff<\/li>\n<li>verst\u00e4rkte Kanten<\/li>\n<li>TSA Schloss<\/li>\n<\/ul>\n","protected":false},"featured_media":7174,"template":"","meta":{"inline_featured_image":false},"product_brand":[],"product_cat":[1638],"product_tag":[],"class_list":{"0":"post-27425","1":"product","2":"type-product","3":"status-publish","4":"has-post-thumbnail","6":"product_cat-alumaxx","8":"first","9":"instock","10":"purchasable","11":"product-type-simple"},"_links":{"self":[{"href":"https:\/\/www.juescha.de\/de_de\/wp-json\/wp\/v2\/product\/27425","targetHints":{"allow":["GET"]}}],"collection":[{"href":"https:\/\/www.juescha.de\/de_de\/wp-json\/wp\/v2\/product"}],"about":[{"href":"https:\/\/www.juescha.de\/de_de\/wp-json\/wp\/v2\/types\/product"}],"version-history":[{"count":0,"href":"https:\/\/www.juescha.de\/de_de\/wp-json\/wp\/v2\/product\/27425\/revisions"}],"wp:featuredmedia":[{"embeddable":true,"href":"https:\/\/www.juescha.de\/de_de\/wp-json\/wp\/v2\/media\/7174"}],"wp:attachment":[{"href":"https:\/\/www.juescha.de\/de_de\/wp-json\/wp\/v2\/media?parent=27425"}],"wp:term":[{"taxonomy":"product_brand","embeddable":true,"href":"https:\/\/www.juescha.de\/de_de\/wp-json\/wp\/v2\/product_brand?post=27425"},{"taxonomy":"product_cat","embeddable":true,"href":"https:\/\/www.juescha.de\/de_de\/wp-json\/wp\/v2\/product_cat?post=27425"},{"taxonomy":"product_tag","embeddable":true,"href":"https:\/\/www.juescha.de\/de_de\/wp-json\/wp\/v2\/product_tag?post=27425"}],"curies":[{"name":"wp","href":"https:\/\/api.w.org\/{rel}","templated":true}]}}