{"id":27424,"date":"2025-04-28T19:52:33","date_gmt":"2025-04-28T17:52:33","guid":{"rendered":"https:\/\/www.juescha.de\/shop\/unkategorisiert\/pilotenkoffer-pandora-2\/"},"modified":"2026-01-21T08:48:55","modified_gmt":"2026-01-21T07:48:55","slug":"pilotenkoffer-pandora-2","status":"publish","type":"product","link":"https:\/\/www.juescha.de\/de_de\/shop\/alumaxx\/pilotenkoffer-pandora-2\/","title":{"rendered":"Pilotenkoffer Pandora"},"content":{"rendered":"<p>Der Alumaxx Pandora Pilotenkoffer 45168 in silber mattem Finish ist ein hochwertiges, elegantes und funktional durchdachtes Modell, das speziell f\u00fcr Piloten und Vielreisende entwickelt wurde. Das \u00c4u\u00dfere des Koffers pr\u00e4sentiert sich in einem ansprechenden silbernen Matt-Finish, was ihm ein modernes und professionelles Erscheinungsbild verleiht. Die Verwendung von robustem Aluminium macht den Koffer leicht, aber dennoch strapazierf\u00e4hig, und die stabile Rahmenkonstruktion sorgt f\u00fcr eine hohe Stabilit\u00e4t und Widerstandsf\u00e4higkeit gegen\u00fcber St\u00f6\u00dfen und St\u00fcrzen.<\/p>\n<p>Der Pandora Pilotenkoffer ist mit einem arretierbaren Teleskopgriff ausgestattet, der sich leicht ausfahren l\u00e4sst und eine bequeme Handhabung erm\u00f6glicht. Zudem bietet der robuste Tragegriff an der Oberseite eine alternative M\u00f6glichkeit, den Koffer zu transportieren. Das gut organisierte Innere des Koffers bietet ausreichend Platz f\u00fcr Dokumente, elektronische Ger\u00e4te und diverse Aktenordner. Es beinhaltet mehrere F\u00e4cher und Taschen, darunter ein gro\u00dfes Hauptfach sowie ein Laptopfach f\u00fcr Laptops bis zu 14 Zoll. Zus\u00e4tzlich gibt es zahlreiche kleinere herausnehmbare Taschen und F\u00e4cher, die die geordnete Aufbewahrung von Stiften, Visitenkarten und anderen wichtigen Gegenst\u00e4nden erm\u00f6glichen.<\/p>\n<p>F\u00fcr zus\u00e4tzliche Sicherheit ist der Pandora Pilotenkoffer mit einem Schloss ausgestattet, das den Inhalt vor unbefugtem Zugriff sch\u00fctzt. Die vier leichtg\u00e4ngigen 360-Grad-Rollen erm\u00f6glichen eine m\u00fchelose Fortbewegung in alle Richtungen.<\/p>\n<p>Zusammenfassend ist der Alumaxx Pandora Pilotenkoffer 45168 in silber mattem Design eine praktische, stilvolle und langlebige L\u00f6sung, die den Anforderungen des Businessalltags gerecht wird. Mit seiner hochwertigen Verarbeitung, funktionalen Innenausstattung und ansprechenden Optik ist er eine ideale Wahl f\u00fcr alle, die einen zuverl\u00e4ssigen und professionellen Koffer suchen.<\/p>\n","protected":false},"excerpt":{"rendered":"<ul>\n<li>Edles Aluminium<\/li>\n<li>vier 360\u00b0 Leichtlaufrollen<\/li>\n<li>Teleskoptrolleysystem<\/li>\n<li>ergonomischer Tragegriff<\/li>\n<\/ul>\n","protected":false},"featured_media":5086,"template":"","meta":{"inline_featured_image":false},"product_brand":[],"product_cat":[1638],"product_tag":[],"class_list":{"0":"post-27424","1":"product","2":"type-product","3":"status-publish","4":"has-post-thumbnail","6":"product_cat-alumaxx","8":"first","9":"instock","10":"purchasable","11":"product-type-simple"},"_links":{"self":[{"href":"https:\/\/www.juescha.de\/de_de\/wp-json\/wp\/v2\/product\/27424","targetHints":{"allow":["GET"]}}],"collection":[{"href":"https:\/\/www.juescha.de\/de_de\/wp-json\/wp\/v2\/product"}],"about":[{"href":"https:\/\/www.juescha.de\/de_de\/wp-json\/wp\/v2\/types\/product"}],"version-history":[{"count":0,"href":"https:\/\/www.juescha.de\/de_de\/wp-json\/wp\/v2\/product\/27424\/revisions"}],"wp:featuredmedia":[{"embeddable":true,"href":"https:\/\/www.juescha.de\/de_de\/wp-json\/wp\/v2\/media\/5086"}],"wp:attachment":[{"href":"https:\/\/www.juescha.de\/de_de\/wp-json\/wp\/v2\/media?parent=27424"}],"wp:term":[{"taxonomy":"product_brand","embeddable":true,"href":"https:\/\/www.juescha.de\/de_de\/wp-json\/wp\/v2\/product_brand?post=27424"},{"taxonomy":"product_cat","embeddable":true,"href":"https:\/\/www.juescha.de\/de_de\/wp-json\/wp\/v2\/product_cat?post=27424"},{"taxonomy":"product_tag","embeddable":true,"href":"https:\/\/www.juescha.de\/de_de\/wp-json\/wp\/v2\/product_tag?post=27424"}],"curies":[{"name":"wp","href":"https:\/\/api.w.org\/{rel}","templated":true}]}}