{"id":27423,"date":"2025-04-28T19:52:33","date_gmt":"2025-04-28T17:52:33","guid":{"rendered":"https:\/\/www.juescha.de\/shop\/unkategorisiert\/pilotenkoffer-pandora\/"},"modified":"2026-01-21T08:48:55","modified_gmt":"2026-01-21T07:48:55","slug":"pilotenkoffer-pandora","status":"publish","type":"product","link":"https:\/\/www.juescha.de\/de_de\/shop\/alumaxx\/pilotenkoffer-pandora\/","title":{"rendered":"Pilotenkoffer Pandora"},"content":{"rendered":"<p>Der Alumaxx Pandora Pilotenkoffer 45168 in schwarz mattem Finish ist ein hochwertiger, eleganter und funktional durchdachter Koffer, der speziell f\u00fcr Piloten und Vielreisende entwickelt wurde. Das \u00c4u\u00dfere des Koffers pr\u00e4sentiert sich in einem sch\u00f6nen schwarzen Matt-Finish, das ihm ein modernes und professionelles Aussehen verleiht. Der Koffer ist aus robustem Aluminium gefertigt, leicht und dennoch strapazierf\u00e4hig. Er ist mit einer stabilen Rahmenkonstruktion ausgestattet, die eine hohe Stabilit\u00e4t und Widerstandsf\u00e4higkeit gegen St\u00f6\u00dfe und St\u00fcrze bietet.<\/p>\n<p>Der Pandora Pilotenkoffer verf\u00fcgt \u00fcber einen arretierbaren Teleskopgriff, der sich leicht ausfahren l\u00e4sst und eine bequeme Handhabung erm\u00f6glicht. Zus\u00e4tzlich ist er mit einem robusten Tragegriff an der Oberseite ausgestattet, der das Tragen des Koffers auch in der Hand erleichtert. Das Innere des Koffers ist gut organisiert und bietet ausreichend Platz f\u00fcr Dokumente, elektronische Ger\u00e4te, diverse Aktenordner und andere Gegenst\u00e4nde. Es gibt mehrere F\u00e4cher und Taschen, darunter ein gro\u00dfes Hauptfach und ein Laptopfach, das Platz f\u00fcr einen Laptop bis zu 14 Zoll bietet. Zus\u00e4tzlich gibt es zahlreiche kleinere herausnehmbare Taschen und F\u00e4cher f\u00fcr die Aufbewahrung von Stiften, Visitenkarten und anderen wichtigen Dingen.<\/p>\n<p>Der Pandora Pilotenkoffer ist mit einem Schloss ausgestattet, das f\u00fcr zus\u00e4tzliche Sicherheit sorgt und den Inhalt des Koffers vor unbefugtem Zugriff sch\u00fctzt. Der Koffer verf\u00fcgt auch \u00fcber vier leichtg\u00e4ngige 360 Grad Rollen, die eine m\u00fchelose Fortbewegung erm\u00f6glichen. Der Alumaxx Pandora Pilotenkoffer in schwarz mattem Finish ist ein praktischer, stilvoller und langlebiger Koffer, der den Bed\u00fcrfnissen des Businessalltags gerecht wird. Mit seiner hochwertigen Verarbeitung, funktionalen Innenausstattung und seinem ansprechenden Design ist er eine ideale Wahl f\u00fcr alle, die einen zuverl\u00e4ssigen und professionellen Koffer suchen.<\/p>\n","protected":false},"excerpt":{"rendered":"<ul>\n<li>Edles Aluminium<\/li>\n<li>vier 360\u00b0 Leichtlaufrollen<\/li>\n<li>Teleskoptrolleysystem<\/li>\n<li>ergonomischer Tragegriff<\/li>\n<\/ul>\n","protected":false},"featured_media":7171,"template":"","meta":{"inline_featured_image":false},"product_brand":[],"product_cat":[1638],"product_tag":[],"class_list":{"0":"post-27423","1":"product","2":"type-product","3":"status-publish","4":"has-post-thumbnail","6":"product_cat-alumaxx","8":"first","9":"instock","10":"purchasable","11":"product-type-simple"},"_links":{"self":[{"href":"https:\/\/www.juescha.de\/de_de\/wp-json\/wp\/v2\/product\/27423","targetHints":{"allow":["GET"]}}],"collection":[{"href":"https:\/\/www.juescha.de\/de_de\/wp-json\/wp\/v2\/product"}],"about":[{"href":"https:\/\/www.juescha.de\/de_de\/wp-json\/wp\/v2\/types\/product"}],"version-history":[{"count":0,"href":"https:\/\/www.juescha.de\/de_de\/wp-json\/wp\/v2\/product\/27423\/revisions"}],"wp:featuredmedia":[{"embeddable":true,"href":"https:\/\/www.juescha.de\/de_de\/wp-json\/wp\/v2\/media\/7171"}],"wp:attachment":[{"href":"https:\/\/www.juescha.de\/de_de\/wp-json\/wp\/v2\/media?parent=27423"}],"wp:term":[{"taxonomy":"product_brand","embeddable":true,"href":"https:\/\/www.juescha.de\/de_de\/wp-json\/wp\/v2\/product_brand?post=27423"},{"taxonomy":"product_cat","embeddable":true,"href":"https:\/\/www.juescha.de\/de_de\/wp-json\/wp\/v2\/product_cat?post=27423"},{"taxonomy":"product_tag","embeddable":true,"href":"https:\/\/www.juescha.de\/de_de\/wp-json\/wp\/v2\/product_tag?post=27423"}],"curies":[{"name":"wp","href":"https:\/\/api.w.org\/{rel}","templated":true}]}}