{"id":27420,"date":"2025-04-28T19:52:31","date_gmt":"2025-04-28T17:52:31","guid":{"rendered":"https:\/\/www.juescha.de\/shop\/unkategorisiert\/attache-laptopkoffer-venture-2\/"},"modified":"2026-01-21T08:48:56","modified_gmt":"2026-01-21T07:48:56","slug":"attache-laptopkoffer-venture-2","status":"publish","type":"product","link":"https:\/\/www.juescha.de\/de_de\/shop\/alumaxx\/attache-laptopkoffer-venture-2\/","title":{"rendered":"Attach\u00e9 Laptopkoffer Venture"},"content":{"rendered":"<p>Repr\u00e4sentative Optik, hochwertige Verarbeitung und eine intelligente Innenausstattung verleihen diesem Koffer eine ganz besondere Note. Tragegriff, verst\u00e4rkte Kanten, sicheres Schloss-System mit Zweifachschlie\u00dfung und \u00d6ffnungsautomatik, herausnehmbares perfekt strukturiertes Inlay.<\/p>\n","protected":false},"excerpt":{"rendered":"<ul>\n<li>Repr\u00e4sentative Optik<\/li>\n<li>hochwertige Verarbeitung<\/li>\n<li> Tragegriff<\/li>\n<li>verst\u00e4rkte Kanten<\/li>\n<li>sicheres Schloss-System<\/li>\n<\/ul>\n","protected":false},"featured_media":7134,"template":"","meta":{"inline_featured_image":false},"product_brand":[],"product_cat":[1638],"product_tag":[],"class_list":{"0":"post-27420","1":"product","2":"type-product","3":"status-publish","4":"has-post-thumbnail","6":"product_cat-alumaxx","8":"first","9":"instock","10":"purchasable","11":"product-type-simple"},"_links":{"self":[{"href":"https:\/\/www.juescha.de\/de_de\/wp-json\/wp\/v2\/product\/27420","targetHints":{"allow":["GET"]}}],"collection":[{"href":"https:\/\/www.juescha.de\/de_de\/wp-json\/wp\/v2\/product"}],"about":[{"href":"https:\/\/www.juescha.de\/de_de\/wp-json\/wp\/v2\/types\/product"}],"version-history":[{"count":0,"href":"https:\/\/www.juescha.de\/de_de\/wp-json\/wp\/v2\/product\/27420\/revisions"}],"wp:featuredmedia":[{"embeddable":true,"href":"https:\/\/www.juescha.de\/de_de\/wp-json\/wp\/v2\/media\/7134"}],"wp:attachment":[{"href":"https:\/\/www.juescha.de\/de_de\/wp-json\/wp\/v2\/media?parent=27420"}],"wp:term":[{"taxonomy":"product_brand","embeddable":true,"href":"https:\/\/www.juescha.de\/de_de\/wp-json\/wp\/v2\/product_brand?post=27420"},{"taxonomy":"product_cat","embeddable":true,"href":"https:\/\/www.juescha.de\/de_de\/wp-json\/wp\/v2\/product_cat?post=27420"},{"taxonomy":"product_tag","embeddable":true,"href":"https:\/\/www.juescha.de\/de_de\/wp-json\/wp\/v2\/product_tag?post=27420"}],"curies":[{"name":"wp","href":"https:\/\/api.w.org\/{rel}","templated":true}]}}