{"id":27418,"date":"2025-04-28T19:52:31","date_gmt":"2025-04-28T17:52:31","guid":{"rendered":"https:\/\/www.juescha.de\/shop\/unkategorisiert\/business-trolley-gravity-3\/"},"modified":"2026-01-21T08:48:54","modified_gmt":"2026-01-21T07:48:54","slug":"business-trolley-gravity-3","status":"publish","type":"product","link":"https:\/\/www.juescha.de\/de_de\/shop\/alumaxx\/business-trolley-gravity-3\/","title":{"rendered":"Business Trolley Gravity"},"content":{"rendered":"<p>Der Alumaxx Business Trolley Gravity setzt einen neuen Ma\u00dfstab f\u00fcr hochwertige und funktionale Business-Koffer. Entwickelt f\u00fcr Gesch\u00e4ftsreisende und Berufst\u00e4tige, die eine stilvolle und effiziente L\u00f6sung f\u00fcr ihre Reisen und den t\u00e4<\/p>\n<p>glichen B\u00fcrobedarf suchen, pr\u00e4sentiert sich der Trolley in einem \u00e4u\u00dferst strapazierf\u00e4higen und leichten Aluminiumdesign. Dies verleiht ihm nicht nur ein modernes und professionelles Erscheinungsbild, sondern macht ihn auch zu einem zeitlosen Begleiter f\u00fcr Gesch\u00e4ftsreisende.<\/p>\n<p>Der ausziehbare Teleskopgriff erm\u00f6glicht eine bequeme Anpassung an die K\u00f6rpergr\u00f6\u00dfe, wodurch ein m\u00fcheloses Man\u00f6vrieren gew\u00e4hrleistet ist. Die vier leichtg\u00e4ngigen Rollen erleichtern das Bewegen des Trolleys erheblich und bieten eine hohe Mobilit\u00e4t, selbst in stark frequentierten Flugh\u00e4fen oder Bahnh\u00f6fen.<\/p>\n<p>Der Business Trolley Gravity bietet ausreichend Platz f\u00fcr s\u00e4mtliche Gesch\u00e4ftsutensilien. Das gro\u00dfz\u00fcgige Hauptfach erm\u00f6glicht die sichere Aufbewahrung von Dokumenten und Aktenordnern. Durch einen Kreuzspanngurt wird die Kleidung sicher fixiert. Dar\u00fcber hinaus kann durch das Entfernen des mittleren F\u00e4cherfachs der Koffer in einen Boardgep\u00e4ck-Reisekoffer umgewandelt werden, was ihn zu einer idealen 2-in-1-L\u00f6sung f\u00fcr Gesch\u00e4ftsreisen und Freizeitaktivit\u00e4ten macht.<\/p>\n<p>Die hohe Qualit\u00e4t und Langlebigkeit des Business Trolley Gravity von Alumaxx resultieren aus der Verwendung robuster Materialien und einer zuverl\u00e4ssigen Verarbeitung. Die Abschlie\u00dffunktion gew\u00e4hrleistet zus\u00e4tzliche Sicherheit f\u00fcr pers\u00f6nliche Gegenst\u00e4nde.<\/p>\n<p>Dieser Business Trolley ist eine erstklassige Wahl f\u00fcr Gesch\u00e4ftsreisende, die einen hochwertigen und stilvollen Koffer suchen, um ihre Gesch\u00e4ftsutensilien sicher und bequem zu transportieren. Mit seinem modernen Design, der funktionalen Ausstattung und der erstklassigen Qualit\u00e4t erweist er sich als praktische und elegante L\u00f6sung f\u00fcr gesch\u00e4ftliche Reisen und den t\u00e4glichen Gebrauch im B\u00fcro.<\/p>\n","protected":false},"excerpt":{"rendered":"<ul>\n<li>Arretierbares Teleskoptrolleysystem<\/li>\n<li>Tragegriff<\/li>\n<li>TSA Schloss<\/li>\n<li>360 Grad Leichtlauf-Doppelrollen<\/li>\n<\/ul>\n","protected":false},"featured_media":7084,"template":"","meta":{"inline_featured_image":false},"product_brand":[],"product_cat":[1638],"product_tag":[],"class_list":{"0":"post-27418","1":"product","2":"type-product","3":"status-publish","4":"has-post-thumbnail","6":"product_cat-alumaxx","8":"first","9":"instock","10":"purchasable","11":"product-type-simple"},"_links":{"self":[{"href":"https:\/\/www.juescha.de\/de_de\/wp-json\/wp\/v2\/product\/27418","targetHints":{"allow":["GET"]}}],"collection":[{"href":"https:\/\/www.juescha.de\/de_de\/wp-json\/wp\/v2\/product"}],"about":[{"href":"https:\/\/www.juescha.de\/de_de\/wp-json\/wp\/v2\/types\/product"}],"version-history":[{"count":0,"href":"https:\/\/www.juescha.de\/de_de\/wp-json\/wp\/v2\/product\/27418\/revisions"}],"wp:featuredmedia":[{"embeddable":true,"href":"https:\/\/www.juescha.de\/de_de\/wp-json\/wp\/v2\/media\/7084"}],"wp:attachment":[{"href":"https:\/\/www.juescha.de\/de_de\/wp-json\/wp\/v2\/media?parent=27418"}],"wp:term":[{"taxonomy":"product_brand","embeddable":true,"href":"https:\/\/www.juescha.de\/de_de\/wp-json\/wp\/v2\/product_brand?post=27418"},{"taxonomy":"product_cat","embeddable":true,"href":"https:\/\/www.juescha.de\/de_de\/wp-json\/wp\/v2\/product_cat?post=27418"},{"taxonomy":"product_tag","embeddable":true,"href":"https:\/\/www.juescha.de\/de_de\/wp-json\/wp\/v2\/product_tag?post=27418"}],"curies":[{"name":"wp","href":"https:\/\/api.w.org\/{rel}","templated":true}]}}