{"id":27415,"date":"2025-04-28T19:52:30","date_gmt":"2025-04-28T17:52:30","guid":{"rendered":"https:\/\/www.juescha.de\/shop\/unkategorisiert\/reisetrolley-gravity-3\/"},"modified":"2026-01-21T08:48:54","modified_gmt":"2026-01-21T07:48:54","slug":"reisetrolley-gravity-3","status":"publish","type":"product","link":"https:\/\/www.juescha.de\/de_de\/shop\/alumaxx\/reisetrolley-gravity-3\/","title":{"rendered":"Reisetrolley Gravity"},"content":{"rendered":"<p>Der Alumaxx Gravity Reisetrolley in Schwarz ist ein hochwertiger Koffer, der speziell f\u00fcr anspruchsvolle Reisende entwickelt wurde, die Wert auf Stil und Komfort legen. Die moderne Optik und robuste Konstruktion machen ihn zu einem langlebigen und strapazierf\u00e4higen Begleiter f\u00fcr jede Reise.<\/p>\n<p>Hergestellt aus leichtem und dennoch stabilem Aluminium in Schwarz verleiht der Reisetrolley nicht nur eine elegante Optik, sondern gew\u00e4hrleistet auch eine hohe Belastbarkeit. Das gro\u00dfz\u00fcgige Hauptfach bietet ausreichend Stauraum f\u00fcr Kleidung, Schuhe und pers\u00f6nliche Gegenst\u00e4nde. Dank der durchdachten Innenausstattung k\u00f6nnen Sie Ihre Reiseutensilien effizient organisieren. Das ger\u00e4umige Hauptfach bietet ausreichend Platz f\u00fcr Akten, Dokumente und andere wichtige Gegenst\u00e4nde. Verschlossen wird der Koffer mit zwei TSA-Zahlenkombinationsschl\u00f6ssern.<\/p>\n<p>Das integrierte TSA-Zahlenschloss in passendem Schwarz sorgt f\u00fcr zus\u00e4tzliche Sicherheit und erm\u00f6glicht eine reibungslose Abfertigung an Flugh\u00e4fen in den USA. Die vier leichtg\u00e4ngigen Leichtlaufrollen gestatten eine 360-Grad-Man\u00f6vrierf\u00e4higkeit, wodurch ein m\u00fcheloses Schieben oder Ziehen erm\u00f6glicht wird. Der mehrstufig verstellbare Teleskopgriff passt sich individuell Ihrer K\u00f6rpergr\u00f6\u00dfe an und gew\u00e4hrleistet ein komfortables Handling.<\/p>\n<p>Erg\u00e4nzend zu den Rollen sind robuste Tragegriffe in Schwarz an der Oberseite und an der Seite des Trolleys angebracht, um das Heben und Tragen zu erleichtern. In seiner Gesamtheit ist der Alumaxx Gravity Reisetrolley in Schwarz eine erstklassige Wahl f\u00fcr Reisende, die einen stilvollen, strapazierf\u00e4higen und funktionalen Koffer bevorzugen. Mit hochwertigen Features und einem durchdachten Design avanciert er zum perfekten Begleiter f\u00fcr unterschiedlichste Reiseanl\u00e4sse.<\/p>\n","protected":false},"excerpt":{"rendered":"<ul>\n<li>Arretierbares Teleskopsystem<\/li>\n<li>Tragegriff &amp; TSA-Schloss<\/li>\n<li>4x 360\u00b0 Leichtlauf-Doppelrollen<\/li>\n<li>Beidseitige Packm\u00f6glichkeit mit Trennwand &amp; Gurt<\/li>\n<li>Herausnehmbare Trennwand mit Netzfach<\/li>\n<\/ul>\n","protected":false},"featured_media":7068,"template":"","meta":{"inline_featured_image":false},"product_brand":[],"product_cat":[1638],"product_tag":[],"class_list":{"0":"post-27415","1":"product","2":"type-product","3":"status-publish","4":"has-post-thumbnail","6":"product_cat-alumaxx","8":"first","9":"instock","10":"purchasable","11":"product-type-simple"},"_links":{"self":[{"href":"https:\/\/www.juescha.de\/de_de\/wp-json\/wp\/v2\/product\/27415","targetHints":{"allow":["GET"]}}],"collection":[{"href":"https:\/\/www.juescha.de\/de_de\/wp-json\/wp\/v2\/product"}],"about":[{"href":"https:\/\/www.juescha.de\/de_de\/wp-json\/wp\/v2\/types\/product"}],"version-history":[{"count":0,"href":"https:\/\/www.juescha.de\/de_de\/wp-json\/wp\/v2\/product\/27415\/revisions"}],"wp:featuredmedia":[{"embeddable":true,"href":"https:\/\/www.juescha.de\/de_de\/wp-json\/wp\/v2\/media\/7068"}],"wp:attachment":[{"href":"https:\/\/www.juescha.de\/de_de\/wp-json\/wp\/v2\/media?parent=27415"}],"wp:term":[{"taxonomy":"product_brand","embeddable":true,"href":"https:\/\/www.juescha.de\/de_de\/wp-json\/wp\/v2\/product_brand?post=27415"},{"taxonomy":"product_cat","embeddable":true,"href":"https:\/\/www.juescha.de\/de_de\/wp-json\/wp\/v2\/product_cat?post=27415"},{"taxonomy":"product_tag","embeddable":true,"href":"https:\/\/www.juescha.de\/de_de\/wp-json\/wp\/v2\/product_tag?post=27415"}],"curies":[{"name":"wp","href":"https:\/\/api.w.org\/{rel}","templated":true}]}}