{"id":27414,"date":"2025-04-28T19:52:30","date_gmt":"2025-04-28T17:52:30","guid":{"rendered":"https:\/\/www.juescha.de\/shop\/unkategorisiert\/reisetrolley-gravity-2\/"},"modified":"2026-01-21T08:48:55","modified_gmt":"2026-01-21T07:48:55","slug":"reisetrolley-gravity-2","status":"publish","type":"product","link":"https:\/\/www.juescha.de\/de_de\/shop\/alumaxx\/reisetrolley-gravity-2\/","title":{"rendered":"Reisetrolley Gravity"},"content":{"rendered":"<p>Der Alumaxx Gravity Reisetrolley ist ein hochwertiger Koffer, der speziell f\u00fcr anspruchsvolle Reisende entwickelt wurde, die Wert auf Stil und Komfort legen. Die moderne Optik und robuste Konstruktion machen ihn zu einem langlebigen und strapazierf\u00e4higen Begleiter f\u00fcr jede Reise.<\/p>\n<p>Hergestellt aus leichtem und dennoch stabilem Aluminium verleiht der Reisetrolley Gravity von Alumaxx nicht nur ein elegantes Aussehen, sondern bietet auch eine hohe Belastbarkeit. Das gro\u00dfz\u00fcgige Hauptfach bietet viel Stauraum f\u00fcr Kleidung, Schuhe und pers\u00f6nliche Gegenst\u00e4nde. Zwei integrierte TSA-Zahlenschl\u00f6sser sorgen f\u00fcr zus\u00e4tzliche Sicherheit und erleichtert die Abfertigung an Flugh\u00e4fen.<br \/>\nMit vier Leichtlaufrollen erm\u00f6glicht der Alumaxx Gravity Reisetrolley eine 360-Grad-Man\u00f6vrierf\u00e4higkeit, wodurch ein m\u00fcheloses Schieben oder Ziehen m\u00f6glich ist. Der ausziehbare Teleskopgriff ist mehrstufig verstellbar und kann an die K\u00f6rpergr\u00f6\u00dfe des Benutzers angepasst werden, um ein bequemes Handling zu gew\u00e4hrleisten. Robuste Tragegriffe an der Oberseite und an der Seite des Trolleys erleichtern das Heben und Tragen.<\/p>\n<p>Die durchdachte Innenausstattung des Reisetrolleys bietet praktische Features wie elastische Packgurte und eine Trennwand, um den Inhalt sicher zu halten und effizientes Packen zu erm\u00f6glichen. Insgesamt ist der Alumaxx Gravity Reisetrolley eine erstklassige Wahl f\u00fcr Reisende, die einen stilvollen, strapazierf\u00e4higen und funktionalen Koffer suchen. Mit seinen hochwertigen Features ist er ein verl\u00e4sslicher Begleiter f\u00fcr verschiedene Arten von Reisen.<\/p>\n","protected":false},"excerpt":{"rendered":"<ul>\n<li>Arretierbares Teleskopsystem<\/li>\n<li>Tragegriff &amp; TSA-Schloss<\/li>\n<li>4x 360\u00b0 Leichtlauf-Doppelrollen<\/li>\n<li>Beidseitige Packm\u00f6glichkeit mit Trennwand &amp; Gurt<\/li>\n<li>Herausnehmbare Trennwand mit Netzfach<\/li>\n<\/ul>\n","protected":false},"featured_media":7065,"template":"","meta":{"inline_featured_image":false},"product_brand":[],"product_cat":[1638],"product_tag":[],"class_list":{"0":"post-27414","1":"product","2":"type-product","3":"status-publish","4":"has-post-thumbnail","6":"product_cat-alumaxx","8":"first","9":"instock","10":"purchasable","11":"product-type-simple"},"_links":{"self":[{"href":"https:\/\/www.juescha.de\/de_de\/wp-json\/wp\/v2\/product\/27414","targetHints":{"allow":["GET"]}}],"collection":[{"href":"https:\/\/www.juescha.de\/de_de\/wp-json\/wp\/v2\/product"}],"about":[{"href":"https:\/\/www.juescha.de\/de_de\/wp-json\/wp\/v2\/types\/product"}],"version-history":[{"count":0,"href":"https:\/\/www.juescha.de\/de_de\/wp-json\/wp\/v2\/product\/27414\/revisions"}],"wp:featuredmedia":[{"embeddable":true,"href":"https:\/\/www.juescha.de\/de_de\/wp-json\/wp\/v2\/media\/7065"}],"wp:attachment":[{"href":"https:\/\/www.juescha.de\/de_de\/wp-json\/wp\/v2\/media?parent=27414"}],"wp:term":[{"taxonomy":"product_brand","embeddable":true,"href":"https:\/\/www.juescha.de\/de_de\/wp-json\/wp\/v2\/product_brand?post=27414"},{"taxonomy":"product_cat","embeddable":true,"href":"https:\/\/www.juescha.de\/de_de\/wp-json\/wp\/v2\/product_cat?post=27414"},{"taxonomy":"product_tag","embeddable":true,"href":"https:\/\/www.juescha.de\/de_de\/wp-json\/wp\/v2\/product_tag?post=27414"}],"curies":[{"name":"wp","href":"https:\/\/api.w.org\/{rel}","templated":true}]}}