{"id":30227,"date":"2026-01-12T20:40:08","date_gmt":"2026-01-12T19:40:08","guid":{"rendered":"https:\/\/www.juescha.de\/?page_id=30227"},"modified":"2026-01-12T20:52:58","modified_gmt":"2026-01-12T19:52:58","slug":"pflegehinweise","status":"publish","type":"page","link":"https:\/\/www.juescha.de\/de_de\/pflegehinweise\/","title":{"rendered":"Pflegehinweise"},"content":{"rendered":"<style>.elementor-30227 .elementor-element.elementor-element-a3ed3d3 > .elementor-container{max-width:1290px;}.elementor-30227 .elementor-element.elementor-element-a3ed3d3:not(.elementor-motion-effects-element-type-background), .elementor-30227 .elementor-element.elementor-element-a3ed3d3 > .elementor-motion-effects-container > .elementor-motion-effects-layer{background-image:url(\"https:\/\/www.juescha.de\/wp-content\/uploads\/2026\/01\/leather-craft-tool-close-up-2026-01-09-07-55-43-utc-scaled.jpg\");background-position:center center;background-repeat:no-repeat;background-size:cover;}.elementor-30227 .elementor-element.elementor-element-a3ed3d3 > .elementor-background-overlay{background-color:transparent;background-image:linear-gradient(100deg, #B0A39D 0%, #FFFFFF 100%);opacity:0.5;transition:background 0.3s, border-radius 0.3s, opacity 0.3s;}.elementor-30227 .elementor-element.elementor-element-a3ed3d3{transition:background 0.3s, border 0.3s, border-radius 0.3s, box-shadow 0.3s;padding:100px 100px 100px 100px;}.elementor-30227 .elementor-element.elementor-element-62f5445 .jeg-elementor-kit.jkit-heading{text-align:left;}.elementor-30227 .elementor-element.elementor-element-62f5445 .jeg-elementor-kit.jkit-heading .heading-title{color:#201712;}.elementor-30227 .elementor-element.elementor-element-62f5445 .jeg-elementor-kit.jkit-heading .heading-section-title{margin:0px 0px 0px 0px;}.elementor-30227 .elementor-element.elementor-element-62f5445 .jeg-elementor-kit.jkit-heading .heading-section-subtitle{color:#A28573;margin:0px 0px 10px 0px;}.elementor-30227 .elementor-element.elementor-element-62f5445 .jeg-elementor-kit.jkit-heading .separator-wrapper.style-dotted, .elementor-30227 .elementor-element.elementor-element-62f5445 .jeg-elementor-kit.jkit-heading .separator-wrapper.style-solid, .elementor-30227 .elementor-element.elementor-element-62f5445 .jeg-elementor-kit.jkit-heading .separator-wrapper.style-solid-star, .elementor-30227 .elementor-element.elementor-element-62f5445 .jeg-elementor-kit.jkit-heading .separator-wrapper.style-solid-bullet{width:200px;}.elementor-30227 .elementor-element.elementor-element-62f5445 .jeg-elementor-kit.jkit-heading .separator-wrapper:not(.style-custom), .elementor-30227 .elementor-element.elementor-element-62f5445 .jeg-elementor-kit.jkit-heading .separator-wrapper.style-dotted:after{height:1px;}.elementor-30227 .elementor-element.elementor-element-62f5445 .jeg-elementor-kit.jkit-heading .heading-section-separator{margin:0px 0px 20px 0px;}.elementor-30227 .elementor-element.elementor-element-62f5445 .jeg-elementor-kit.jkit-heading .separator-wrapper.style-dotted, .elementor-30227 .elementor-element.elementor-element-62f5445 .jeg-elementor-kit.jkit-heading .separator-wrapper.style-solid{background:#A28573;}.elementor-30227 .elementor-element.elementor-element-62f5445 .jeg-elementor-kit.jkit-heading .separator-wrapper.style-dotted:after{background-color:#A28573;box-shadow:9px 0 0 0 #A28573, 18px 0 0 0 #A28573;}.elementor-30227 .elementor-element.elementor-element-62f5445 .jeg-elementor-kit.jkit-heading .separator-wrapper.style-solid-bullet, .elementor-30227 .elementor-element.elementor-element-62f5445 .jeg-elementor-kit.jkit-heading .separator-wrapper.style-solid-star{background:linear-gradient(90deg, #A28573 0, #A28573 38%, rgba(255,255,255,0) 38%, rgba(255,255,255,0) 62%, #A28573 62%, #A28573 100%);}.elementor-30227 .elementor-element.elementor-element-62f5445 .jeg-elementor-kit.jkit-heading .separator-wrapper.style-solid-bullet:after, .elementor-30227 .elementor-element.elementor-element-62f5445 .jeg-elementor-kit.jkit-heading .separator-wrapper.style-solid-star:after{background-color:#A28573;}.elementor-30227 .elementor-element.elementor-element-62f5445 > .elementor-widget-container{margin:0px 0px 0px 0px;padding:0% 0% 0% 0%;}.elementor-30227 .elementor-element.elementor-element-62f5445{width:var( --container-widget-width, 50.286% );max-width:50.286%;--container-widget-width:50.286%;--container-widget-flex-grow:0;}.elementor-30227 .elementor-element.elementor-element-405020d{--display:grid;--e-con-grid-template-columns:repeat(2, 1fr);--e-con-grid-template-rows:repeat(1, 1fr);--grid-auto-flow:row;}.elementor-30227 .elementor-element.elementor-element-535360d{--display:flex;--gap:50px 50px;--row-gap:50px;--column-gap:50px;}.elementor-30227 .elementor-element.elementor-element-7ef974d{columns:1;}.elementor-30227 .elementor-element.elementor-element-86d0775{columns:1;}.elementor-30227 .elementor-element.elementor-element-3998578{--display:flex;--gap:50px 50px;--row-gap:50px;--column-gap:50px;}.elementor-30227 .elementor-element.elementor-element-56a8b7d{columns:1;}.elementor-30227 .elementor-element.elementor-element-1b4e56e{columns:1;}.elementor-30227 .elementor-element.elementor-element-d97bb72{columns:1;}@media(max-width:1024px){.elementor-30227 .elementor-element.elementor-element-a3ed3d3{padding:100px 30px 100px 30px;}.elementor-30227 .elementor-element.elementor-element-62f5445 > .elementor-widget-container{margin:0px 0px 0px 0px;padding:0px 0px 0px 0px;}.elementor-30227 .elementor-element.elementor-element-405020d{--grid-auto-flow:row;}.elementor-30227 .elementor-element.elementor-element-535360d{--margin-top:0px;--margin-bottom:0px;--margin-left:10px;--margin-right:10px;}.elementor-30227 .elementor-element.elementor-element-3998578{--margin-top:0px;--margin-bottom:0px;--margin-left:10px;--margin-right:10px;}}@media(max-width:768px){.elementor-30227 .elementor-element.elementor-element-a3ed3d3:not(.elementor-motion-effects-element-type-background), .elementor-30227 .elementor-element.elementor-element-a3ed3d3 > .elementor-motion-effects-container > .elementor-motion-effects-layer{background-position:36% 0%;}.elementor-30227 .elementor-element.elementor-element-a3ed3d3{padding:50px 20px 50px 20px;}.elementor-30227 .elementor-element.elementor-element-62f5445 > .elementor-widget-container{margin:0px 0px 0px 0px;padding:0px 0px 0px 0px;}.elementor-30227 .elementor-element.elementor-element-405020d{--e-con-grid-template-columns:repeat(1, 1fr);--grid-auto-flow:row;--padding-top:0px;--padding-bottom:30px;--padding-left:0px;--padding-right:0px;}.elementor-30227 .elementor-element.elementor-element-535360d{--margin-top:0px;--margin-bottom:0px;--margin-left:5px;--margin-right:5px;}.elementor-30227 .elementor-element.elementor-element-3998578{--margin-top:0px;--margin-bottom:0px;--margin-left:5px;--margin-right:5px;}}<\/style>\t\t<div data-elementor-type=\"wp-page\" data-elementor-id=\"30227\" class=\"elementor elementor-30227\" data-elementor-post-type=\"page\">\n\t\t\t\t\t\t<section class=\"elementor-section elementor-top-section elementor-element elementor-element-300be0e elementor-section-boxed elementor-section-height-default elementor-section-height-default\" data-id=\"300be0e\" data-element_type=\"section\" data-e-type=\"section\">\n\t\t\t\t\t\t<div class=\"elementor-container elementor-column-gap-default\">\n\t\t\t\t\t<div class=\"elementor-column elementor-col-100 elementor-top-column elementor-element elementor-element-0807b55\" data-id=\"0807b55\" data-element_type=\"column\" data-e-type=\"column\">\n\t\t\t<div class=\"elementor-widget-wrap elementor-element-populated\">\n\t\t\t\t\t\t<section class=\"elementor-section elementor-inner-section elementor-element elementor-element-a3ed3d3 elementor-section-boxed elementor-section-height-default elementor-section-height-default\" data-id=\"a3ed3d3\" data-element_type=\"section\" data-e-type=\"section\" data-settings=\"{&quot;background_background&quot;:&quot;classic&quot;}\">\n\t\t\t\t\t\t\t<div class=\"elementor-background-overlay\"><\/div>\n\t\t\t\t\t\t\t<div class=\"elementor-container elementor-column-gap-default\">\n\t\t\t\t\t<div class=\"elementor-column elementor-col-100 elementor-inner-column elementor-element elementor-element-e82b7e8\" data-id=\"e82b7e8\" data-element_type=\"column\" data-e-type=\"column\">\n\t\t\t<div class=\"elementor-widget-wrap elementor-element-populated\">\n\t\t\t\t\t\t<div class=\"elementor-element elementor-element-62f5445 elementor-widget__width-initial elementor-widget elementor-widget-jkit_heading\" data-id=\"62f5445\" data-element_type=\"widget\" data-e-type=\"widget\" data-settings=\"{&quot;motion_fx_motion_fx_scrolling&quot;:&quot;yes&quot;,&quot;motion_fx_devices&quot;:[&quot;desktop&quot;,&quot;tablet&quot;,&quot;mobile&quot;]}\" data-widget_type=\"jkit_heading.default\">\n\t\t\t\t<div class=\"elementor-widget-container\">\n\t\t\t\t\t<div  class=\"jeg-elementor-kit jkit-heading  align-left align-tablet- align-mobile- jeg_module___69ff7cdbd8afc\" ><div class=\"heading-section-title  display-inline-block\"><h2 class=\"heading-title\">Pflegehinweise<\/h2><\/div><div class=\"heading-section-separator\"><div class=\"separator-wrapper style-solid\"><\/div><\/div><\/div>\t\t\t\t<\/div>\n\t\t\t\t<\/div>\n\t\t\t\t\t<\/div>\n\t\t<\/div>\n\t\t\t\t\t<\/div>\n\t\t<\/section>\n\t\t\t\t\t<\/div>\n\t\t<\/div>\n\t\t\t\t\t<\/div>\n\t\t<\/section>\n\t\t<div class=\"elementor-element elementor-element-405020d e-grid e-con-boxed e-con e-parent\" data-id=\"405020d\" data-element_type=\"container\" data-e-type=\"container\">\n\t\t\t\t\t<div class=\"e-con-inner\">\n\t\t<div class=\"elementor-element elementor-element-535360d e-con-full e-flex e-con e-child\" data-id=\"535360d\" data-element_type=\"container\" data-e-type=\"container\">\n\t\t\t\t<div class=\"elementor-element elementor-element-7ef974d elementor-widget elementor-widget-text-editor\" data-id=\"7ef974d\" data-element_type=\"widget\" data-e-type=\"widget\" data-widget_type=\"text-editor.default\">\n\t\t\t\t<div class=\"elementor-widget-container\">\n\t\t\t\t\t\t\t\t\t<p style=\"font-weight: 400;\"><strong>Pflegehinweise f\u00fcr Glattleder<\/strong><\/p><p style=\"font-weight: 400;\">Glattleder ist robust, ben\u00f6tigt jedoch regelm\u00e4\u00dfige Pflege, um geschmeidig und langlebig zu bleiben.<\/p><ul style=\"font-weight: 400;\"><li>Mit einem weichen, trockenen oder leicht feuchten Tuch reinigen<\/li><li>Spezielle Lederpflegeprodukte sparsam auftragen<\/li><li>Vor direkter Sonneneinstrahlung, Hitze und N\u00e4sse sch\u00fctzen<\/li><li>Nicht in der Waschmaschine waschen<\/li><li>Bei Feuchtigkeit langsam bei Raumtemperatur trocknen lassen<\/li><\/ul>\t\t\t\t\t\t\t\t<\/div>\n\t\t\t\t<\/div>\n\t\t\t\t<div class=\"elementor-element elementor-element-86d0775 elementor-widget elementor-widget-text-editor\" data-id=\"86d0775\" data-element_type=\"widget\" data-e-type=\"widget\" data-widget_type=\"text-editor.default\">\n\t\t\t\t<div class=\"elementor-widget-container\">\n\t\t\t\t\t\t\t\t\t<p style=\"font-weight: 400;\"><strong>Pflegehinweise f\u00fcr Nubukleder<\/strong><\/p><p style=\"font-weight: 400;\">Nubukleder \u00e4hnelt Wildleder, ist jedoch feiner angeschliffen.<\/p><ul style=\"font-weight: 400;\"><li>Mit einer speziellen Nubukb\u00fcrste sanft reinigen<\/li><li>Keine herk\u00f6mmlichen Lederpflegemittel verwenden<\/li><li>Regelm\u00e4\u00dfig impr\u00e4gnieren, um Fleckenbildung zu vermeiden<\/li><li>Vor N\u00e4sse und Schmutz sch\u00fctzen<\/li><li>Leichte Verschmutzungen trocken entfernen<\/li><\/ul>\t\t\t\t\t\t\t\t<\/div>\n\t\t\t\t<\/div>\n\t\t\t\t<\/div>\n\t\t<div class=\"elementor-element elementor-element-3998578 e-con-full e-flex e-con e-child\" data-id=\"3998578\" data-element_type=\"container\" data-e-type=\"container\">\n\t\t\t\t<div class=\"elementor-element elementor-element-56a8b7d elementor-widget elementor-widget-text-editor\" data-id=\"56a8b7d\" data-element_type=\"widget\" data-e-type=\"widget\" data-widget_type=\"text-editor.default\">\n\t\t\t\t<div class=\"elementor-widget-container\">\n\t\t\t\t\t\t\t\t\t<p style=\"font-weight: 400;\"><strong>Pflegehinweise f\u00fcr Wildleder \/ Veloursleder<\/strong><\/p><p style=\"font-weight: 400;\">Wildleder ist besonders empfindlich und sollte vorsichtig behandelt werden.<\/p><ul style=\"font-weight: 400;\"><li>Nur trocken reinigen, idealerweise mit einer Wildlederb\u00fcrste<\/li><li>Flecken vorsichtig ausb\u00fcrsten oder mit speziellem Wildlederradierer entfernen<\/li><li>Vor dem ersten Tragen und regelm\u00e4\u00dfig impr\u00e4gnieren<\/li><li>Kontakt mit Wasser, \u00d6l und Fett vermeiden<\/li><li>Nicht reiben oder stark dr\u00fccken<\/li><\/ul>\t\t\t\t\t\t\t\t<\/div>\n\t\t\t\t<\/div>\n\t\t\t\t<div class=\"elementor-element elementor-element-1b4e56e elementor-widget elementor-widget-text-editor\" data-id=\"1b4e56e\" data-element_type=\"widget\" data-e-type=\"widget\" data-widget_type=\"text-editor.default\">\n\t\t\t\t<div class=\"elementor-widget-container\">\n\t\t\t\t\t\t\t\t\t<p style=\"font-weight: 400;\"><strong>Pflegehinweise f\u00fcr Lackleder<\/strong><\/p><p style=\"font-weight: 400;\">Lackleder besitzt eine empfindliche, gl\u00e4nzende Oberfl\u00e4che.<\/p><ul style=\"font-weight: 400;\"><li>Mit einem weichen, feuchten Tuch abwischen<\/li><li>Keine scheuernden oder alkoholhaltigen Reinigungsmittel verwenden<\/li><li>Vor Reibung und Druck sch\u00fctzen, um Kratzer zu vermeiden<\/li><li>K\u00fchl und lichtgesch\u00fctzt lagern<\/li><\/ul>\t\t\t\t\t\t\t\t<\/div>\n\t\t\t\t<\/div>\n\t\t\t\t<div class=\"elementor-element elementor-element-d97bb72 elementor-widget elementor-widget-text-editor\" data-id=\"d97bb72\" data-element_type=\"widget\" data-e-type=\"widget\" data-widget_type=\"text-editor.default\">\n\t\t\t\t<div class=\"elementor-widget-container\">\n\t\t\t\t\t\t\t\t\t<p style=\"font-weight: 400;\"><strong>Pflegehinweise f\u00fcr Kunstleder<\/strong><\/p><p style=\"font-weight: 400;\">Kunstleder ist pflegeleicht, sollte aber schonend behandelt werden.<\/p><ul style=\"font-weight: 400;\"><li>Mit einem feuchten Tuch und milder Seife reinigen<\/li><li>Keine L\u00f6sungsmittel oder aggressiven Reiniger verwenden<\/li><li>Nicht direkter Hitze oder starker Sonneneinstrahlung aussetzen<\/li><li>Nicht b\u00fcgeln oder waschen<\/li><\/ul>\t\t\t\t\t\t\t\t<\/div>\n\t\t\t\t<\/div>\n\t\t\t\t<\/div>\n\t\t\t\t\t<\/div>\n\t\t\t\t<\/div>\n\t\t\t\t<\/div>\n\t\t","protected":false},"excerpt":{"rendered":"<p>Pflegehinweise Pflegehinweise f\u00fcr Glattleder Glattleder ist robust, ben\u00f6tigt jedoch regelm\u00e4\u00dfige Pflege, um geschmeidig und langlebig zu bleiben. Mit einem weichen, trockenen oder leicht feuchten Tuch reinigen Spezielle Lederpflegeprodukte sparsam auftragen Vor direkter Sonneneinstrahlung, Hitze und N\u00e4sse sch\u00fctzen Nicht in der Waschmaschine waschen Bei Feuchtigkeit langsam bei Raumtemperatur trocknen lassen Pflegehinweise f\u00fcr Nubukleder Nubukleder \u00e4hnelt Wildleder, [&hellip;]<\/p>\n","protected":false},"author":1,"featured_media":0,"parent":0,"menu_order":0,"comment_status":"closed","ping_status":"closed","template":"","meta":{"inline_featured_image":false,"footnotes":""},"class_list":["post-30227","page","type-page","status-publish","hentry"],"_links":{"self":[{"href":"https:\/\/www.juescha.de\/de_de\/wp-json\/wp\/v2\/pages\/30227","targetHints":{"allow":["GET"]}}],"collection":[{"href":"https:\/\/www.juescha.de\/de_de\/wp-json\/wp\/v2\/pages"}],"about":[{"href":"https:\/\/www.juescha.de\/de_de\/wp-json\/wp\/v2\/types\/page"}],"author":[{"embeddable":true,"href":"https:\/\/www.juescha.de\/de_de\/wp-json\/wp\/v2\/users\/1"}],"replies":[{"embeddable":true,"href":"https:\/\/www.juescha.de\/de_de\/wp-json\/wp\/v2\/comments?post=30227"}],"version-history":[{"count":4,"href":"https:\/\/www.juescha.de\/de_de\/wp-json\/wp\/v2\/pages\/30227\/revisions"}],"predecessor-version":[{"id":30237,"href":"https:\/\/www.juescha.de\/de_de\/wp-json\/wp\/v2\/pages\/30227\/revisions\/30237"}],"wp:attachment":[{"href":"https:\/\/www.juescha.de\/de_de\/wp-json\/wp\/v2\/media?parent=30227"}],"curies":[{"name":"wp","href":"https:\/\/api.w.org\/{rel}","templated":true}]}}