{"id":19975,"date":"2024-01-09T09:16:00","date_gmt":"2024-01-09T08:16:00","guid":{"rendered":"https:\/\/wp.juescha.de\/?page_id=19975"},"modified":"2026-04-13T20:16:59","modified_gmt":"2026-04-13T18:16:59","slug":"agb","status":"publish","type":"page","link":"https:\/\/www.juescha.de\/de_de\/agb\/","title":{"rendered":"AGB"},"content":{"rendered":"\n<h1 class=\"wp-block-heading\"><\/h1>\n\n\n\n<p><strong>1. Allgemeines:<\/strong>&nbsp;Mit sofortiger Wirkung treten f\u00fcr die gegenseitigen Gesch\u00e4ftsbedingungen die nachstehend aufgef\u00fchrten Bedingungen (AGB), soweit nichts anderes ausdr\u00fccklich schriftlich vereinbart ist, die Lieferungs- und Zahlungsbedingungen in Kraft.&nbsp;Sind einem Kaufmann die AGB nicht zusammen mit dem Angebot zugegangen oder sind die ihm nicht auf andere Art und Weise zur Kenntnis gebracht worden, so finden die AGB dennoch Anwendung, wenn der Kaufmann die AGB aus fr\u00fcheren Gesch\u00e4ftsverbindungen und abgewickelten Gesch\u00e4ften kannte oder h\u00e4tte kennen m\u00fcssen.<\/p>\n\n\n\n<p><strong>2. Angebot&nbsp;<\/strong>Alle Angebote sind freibleibend. Vereinbarungen bed\u00fcrfen zu Ihrer G\u00fcltigkeit der jeweils schriftlichen Best\u00e4tigung. Die schriftliche Auftragsbest\u00e4tigung kann durch unsere Rechnung ersetzt werden. Falls die Bestellung mit unserem Angebot nicht \u00fcbereinstimmt, ist unsere Auftragsbest\u00e4tigung verbindlich. Kauf- und Lieferbedingungen des K\u00e4ufers binden uns nicht.<\/p>\n\n\n\n<p><strong>3. Angegebene Lieferzeiten<\/strong>&nbsp;sind ann\u00e4hernd und unverbindlich. Kommen wir mit angegebenen Lieferfristen in R\u00fcckstand, so ist der K\u00e4ufer zur Geltendmachung der ihm dann zustehenden Rechte erst berechtigt, wenn er uns mit einer Nachfrist von mindestens 2 Wochen schriftlich in Verzug gesetzt hat. Wir haben Lieferungs- und Zeitverz\u00f6gerungen dann nicht zu vertreten, wenn die Ware erst aus dem Ausland beschafft, bzw. bezogen werden muss und dadurch Ablieferungsverz\u00f6gerungen entstehen, die nicht in unseren Machtbereich fallen.<\/p>\n\n\n\n<p><strong>4. Preise:<\/strong>&nbsp;Unsere Preise verstehen sich ab Wermelskirchen oder Versandlager innerhalb Deutschland ausschlie\u00dflich Verpackung. Sie sind auf der Basis der Kostenverh\u00e4ltnisse zur Zeit der Angebotsabgabe ermittelt. Sollten diese bis zur Erf\u00fcllung des Auftrages eine wesentliche Ver\u00e4nderung erfahren, so behalten wir uns eine entsprechende Berichtigung des Abschlusspreises vor. Bei Bestellungen unter \u20ac 75, berechnen wir zuz\u00fcgl. \u20ac 2,50 Bearbeitungsgeb\u00fchr. Alle genannten Preise zuz\u00fcglich gesetzlicher Mehrwertsteuer.<\/p>\n\n\n\n<p><strong>5. Preisgestaltung \/ Zuschl\u00e4ge<\/strong>:<br>(1) Alle Preise verstehen sich netto zuz\u00fcglich der jeweils g\u00fcltigen gesetzlichen Umsatzsteuer.<br>(2) Aufgrund von Schwankungen bei Energie-, Transport- und Materialkosten behalten wir uns vor, einen angemessenen Zuschlag auf den vereinbarten Preis zu erheben (z. B. Energie-, Diesel- oder Rohstoffkostenzuschlag).<br>(3) Der Zuschlag betr\u00e4gt in der Regel bis zu 2 % des Netto-Auftragswertes, sofern im Angebot nichts Abweichendes vereinbart wurde.<br>(4) Der Zuschlag wird auf der Rechnung gesondert ausgewiesen.<br>(5) Sofern sich die zugrunde liegenden Kosten erheblich ver\u00e4ndern, behalten wir uns vor, den Zuschlag entsprechend anzupassen. Eine solche Anpassung erfolgt nach billigem Ermessen (\u00a7 315 BGB).<br>(6) Individuelle vertragliche Vereinbarungen haben Vorrang vor dieser Regelung.<\/p>\n\n\n\n<p><strong>6. Zahlung:<\/strong>\u00a0Zahlung unserer Rechnung hat innerhalb von 10 Tagen ab Rechnungsdatum mit 2 % Skonto oder innerhalb von 30 Tagen netto zu erfolgen. Die Berechnung von Zubeh\u00f6r sowie Leistungen unserer Kundendienstabteilungen erfolgen zu Nettopreisen und sind demnach zahlbar innerhalb von 8 Tagen ohne Abzug. Bei \u00dcberschreitungen der Zahlungsfristen werden als Jahreszinsen 1 % \u00fcber dem f\u00fcr unseren Sitz amtlich anerkannten Bankdiskontsatz, mindestens aber 5 % berechnet, soweit wir nicht h\u00f6here Zinsen f\u00fcr die Inanspruchnahme von Bankkrediten haben aufwenden m\u00fcssen. Eine Inverzugsetzung bedarf es nicht.\u00a0Bei Zahlungsverzug sind neben den entstandenen Zinsen auch sonstige Kosten wie Mahnkosten, Spesen etc. zu ersetzten. Wenn berechtigte M\u00e4ngel geltend gemacht werden oder sonstige Beanstandungen bestehen, darf die Zahlung nur in angemessenen Verh\u00e4ltnissen zur\u00fcckbehalten werden. \u00dcber die Angemessenheit des zur\u00fcckbehaltenen Betrages im Verh\u00e4ltnis zum Mangel- oder\u00a0Beanstandungsumfang\u00a0entscheidet im Zweifelsfall ein von der Industrie- und Handelskammer benannter Sachverst\u00e4ndiger. Die hierdurch entstandenen Kosten tragen wir und der K\u00e4ufer zu gleichen Teilen.\u00a0Schecks und Wechsel werden lediglich\u00a0erf\u00fcllungshalber\u00a0angenommen und zwar Diskont- und spesenfrei. Sie gelten erst nach Einl\u00f6sung und Gutschrift des Gegenwertes auf unserem Konto als Zahlung.\u00a0Zahlungen an unsere Vertreter werden nur anerkannt, sofern diese in der Lage sind, sich als Inkassobevollm\u00e4chtigte auszuweisen.<\/p>\n\n\n\n<p><strong>7. Versand:<\/strong>\u00a0Wir sind zu Teillieferungen berechtigt. Mit \u00dcbergabe an den K\u00e4ufer, Spediteur, Frachtf\u00fchrer oder dergleichen, sp\u00e4testens jedoch beim Verlassen der Ware unserer Firma geht die Gefahr auf den K\u00e4ufer \u00fcber. Versand, Auswahl der Transportmittel und des Transportweges sowie zweckentsprechende Verpackung werden von uns mit der gebotenen Sorgfalt aber ohne \u00dcbernahme einer Haftung bewirkt. Zur Transportversicherung sind wir nur auf ausdr\u00fcckliches Verlangen des K\u00e4ufers verpflichtet. Die Kosten tr\u00e4gt der K\u00e4ufer<\/p>\n\n\n\n<p><strong>8. Gew\u00e4hrleistung:<\/strong>\u00a0M\u00e4ngelr\u00fcgen sind in jedem Falle unverz\u00fcglich, sp\u00e4testens jedoch innerhalb von 8 Tagen schriftlich anzuzeigen. Nicht sofort erkennbare, erst bei oder nach der Verarbeitung ersichtliche M\u00e4ngel sind unverz\u00fcglich nach ihrer Entdeckung, sp\u00e4testens jedoch innerhalb von 5 Werktagen schriftlich anzuzeigen.\u00a0Auf die Untersuchungspflicht\u00a0gem. \u00a7 377 HGB wird ausdr\u00fccklich hingewiesen.\u00a0Wir sind berechtigt, Sachm\u00e4ngel nach unserer Wahl durch Nachbesserung, Gutschrift des Minderwertes, Lieferung mangelfreier Teile oder einer mangelfreien Sache abzuhelfen. Wir sind nicht verpflichtet, angezeigte berechtigte M\u00e4ngel zu beheben, wenn der K\u00e4ufer die ihm obliegenden Vertragsverpflichtungen nicht erf\u00fcllt hat, insbesondere den Kaufpreis so weit die M\u00e4ngel ein Zur\u00fcckbehaltungsrecht nicht rechtfertigen, nicht bezahlt hat.<\/p>\n\n\n\n<p><strong>9. Eigentumsvorbehalt:<\/strong>\u00a0Das Eigentum der gelieferten Gegenst\u00e4nde geht erst dann auf den K\u00e4ufer \u00fcber, wenn er seine gesamten gegenw\u00e4rtigen und zuk\u00fcnftigen Verbindlichkeiten uns gegen\u00fcber getilgt hat. Der K\u00e4ufer ist im Rahmen seines ordnungsgem\u00e4\u00dfen Gesch\u00e4ftsganges berechtigt, unser Eigentum weiter zu ver\u00e4u\u00dfern. Er tritt hiermit alle Forderungen und Anspr\u00fcche gegen Dritte, die ihm aus der Weiterver\u00e4u\u00dferung oder sonstigen Rechtshandlungen zustehen, in voller H\u00f6he zur Sicherheit der uns noch zustehenden Kaufpreisforderungen ab. \u00dcbersteigt der Wert, der uns zur Sicherheit abgetretenen Forderungen unsere Kaufpreisforderungen insgesamt um mehr als 20%, so sind wir auf Verlangen des K\u00e4ufers insoweit zur R\u00fcck\u00fcbertragung verpflichtet. Der K\u00e4ufer ist auf unser Verlangen hin verpflichtet, seinen Abnehmern Mitteilung von der Forderungsabtretung zu machen. Er ist zur Einziehung der Forderungen trotz der Abtretung erm\u00e4chtigt. Unsere Einziehungsbefugnis bleibt von dieser Einziehungserm\u00e4chtigung unber\u00fchrt. Wir werden aber selbst die Forderung nicht einziehen, solange der K\u00e4ufer seinen Zahlungsverpflichtungen ordnungsgem\u00e4\u00df nachkommt.\u00a0Kommt der K\u00e4ufer mit seiner Zahlung der f\u00e4lligen Rechnungen in Verzug, so sind wir berechtigt, das Kaufobjekt zur\u00fcckzufordern. Der K\u00e4ufer ist auf unser Verlangen hin verpflichtet, das Kaufobjekt sofort an uns oder an einen von uns beauftragten Dritten zur Sicherstellung herauszugeben. Dar\u00fcber hinaus sind wir oder ein von uns beauftragter Dritter berechtigt, das Kaufobjekt abzuholen und zu diesem Zwecke die Gesch\u00e4ftsr\u00e4ume des K\u00e4ufers, bzw. den Standort des Kaufobjektes zu betreten.\u00a0Nach vorheriger schriftlicher Anzeige sind wir innerhalb 10 Tagen nach Absendung dieses Schreibens berechtigt, das Kaufobjekt und m\u00f6gliche andere Sicherheiten nach unserem Ermessen zu verwerten. Die Gutschrift \u00fcber den Verwertungserl\u00f6s gilt als Rechnung im Sinne des Umsatzsteuergesetzes.\u00a0F\u00fcr die Zeit der Nutzung steht uns eine entsprechende Entsch\u00e4digung zu.\u00a0Der K\u00e4ufer hat uns von allen Zugriffen Dritter auf unser Eigentum oder die uns abgetretenen Forderungen und Anspr\u00fcche insbesondere von Zwangsvollstreckungsma\u00dfnahmen und Beschlagnahmungen \u2013 sowie von allen an unserem Eigentum eintretenden Sch\u00e4den unverz\u00fcglich schriftlich zu unterrichten.\u00a0Der K\u00e4ufer ist zum Ersatz aller Sch\u00e4den und Kosten \u2013 einschlie\u00dflich Gerichts- und Anwaltskosten \u2013 verpflichtet, die uns durch einen Versto\u00df gegen die ihm oder seinem Abnehmern obliegenden Verpflichtungen oder durch Investitionsma\u00dfnahmen gegen Zugriffe Dritter entsehen.<\/p>\n\n\n\n<p><strong>10. Von jedem Wechsel der Wohnung<\/strong>\u00a0oder des Gesch\u00e4ftslokals ist uns unverz\u00fcglich Nachricht zu geben.<\/p>\n\n\n\n<p><strong>11. Erf\u00fcllungsort und Gerichtsstand:<\/strong>\u00a0Erf\u00fcllungsort und Gerichtsstand f\u00fcr s\u00e4mtliche Verbindlichkeiten ist Wermelskirchen. Dies gilt auch f\u00fcr Scheck- und Wechselverbindlichkeiten.<\/p>\n\n\n\n<p><strong>12. S\u00e4mtliche Gesch\u00e4ftsbeziehungen<\/strong>\u00a0zwischen uns und Dritten unterliegen dem Deutschen Recht.<\/p>\n\n\n\n<p><strong>13. Im Fall der Unwirksamkeit<\/strong>\u00a0einzelner vorstehender Vertragsbedingungen bleiben die \u00fcbrigen Bedingungen verbindlich.<\/p>\n\n\n\n<p><\/p>\n","protected":false},"excerpt":{"rendered":"<p>1. Allgemeines:&nbsp;Mit sofortiger Wirkung treten f\u00fcr die gegenseitigen Gesch\u00e4ftsbedingungen die nachstehend aufgef\u00fchrten Bedingungen (AGB), soweit nichts anderes ausdr\u00fccklich schriftlich vereinbart ist, die Lieferungs- und Zahlungsbedingungen in Kraft.&nbsp;Sind einem Kaufmann die AGB nicht zusammen mit dem Angebot zugegangen oder sind die ihm nicht auf andere Art und Weise zur Kenntnis gebracht worden, so finden die AGB [&hellip;]<\/p>\n","protected":false},"author":1,"featured_media":0,"parent":0,"menu_order":0,"comment_status":"closed","ping_status":"closed","template":"","meta":{"inline_featured_image":false,"footnotes":""},"class_list":["post-19975","page","type-page","status-publish","hentry"],"_links":{"self":[{"href":"https:\/\/www.juescha.de\/de_de\/wp-json\/wp\/v2\/pages\/19975","targetHints":{"allow":["GET"]}}],"collection":[{"href":"https:\/\/www.juescha.de\/de_de\/wp-json\/wp\/v2\/pages"}],"about":[{"href":"https:\/\/www.juescha.de\/de_de\/wp-json\/wp\/v2\/types\/page"}],"author":[{"embeddable":true,"href":"https:\/\/www.juescha.de\/de_de\/wp-json\/wp\/v2\/users\/1"}],"replies":[{"embeddable":true,"href":"https:\/\/www.juescha.de\/de_de\/wp-json\/wp\/v2\/comments?post=19975"}],"version-history":[{"count":2,"href":"https:\/\/www.juescha.de\/de_de\/wp-json\/wp\/v2\/pages\/19975\/revisions"}],"predecessor-version":[{"id":30355,"href":"https:\/\/www.juescha.de\/de_de\/wp-json\/wp\/v2\/pages\/19975\/revisions\/30355"}],"wp:attachment":[{"href":"https:\/\/www.juescha.de\/de_de\/wp-json\/wp\/v2\/media?parent=19975"}],"curies":[{"name":"wp","href":"https:\/\/api.w.org\/{rel}","templated":true}]}}